

{"id":10064,"date":"2025-02-17T00:03:23","date_gmt":"2025-02-17T00:03:23","guid":{"rendered":"https:\/\/www.lecrindargent.mu\/?post_type=product&#038;p=10064"},"modified":"2025-06-15T07:45:55","modified_gmt":"2025-06-15T07:45:55","slug":"marina","status":"publish","type":"product","link":"https:\/\/www.lecrindargent.mu\/en\/product\/marina\/","title":{"rendered":"MARINA"},"content":{"rendered":"<p>Cette charmante bague argent pr\u00e9sente 2 fines bandes d&#8217;oxydes de zirconium, entourant un rang de 5 topazes bleues ovales. La topaze la plus grande est au centre de la bague, la taille des 4 autres topazes se r\u00e9duisant vers les bords. Le bleu d\u00e9licat des topazes apporte beaucoup d&#8217;\u00e9clat \u00e0 cette bague.<\/p>\n<p>Dimension de la topaze centrale : 7 mm x 5 mm.<\/p>","protected":false},"excerpt":{"rendered":"<p>Cette charmante bague argent pr\u00e9sente 2 fines bandes d&#8217;oxydes de zirconium, entourant un rang de 5 topazes bleues ovales. La topaze la plus grande est au centre de la bague, la taille des 4 autres topazes se r\u00e9duisant vers les bords. Le bleu d\u00e9licat des topazes apporte beaucoup d&#8217;\u00e9clat \u00e0 cette bague.<\/p>\n<p>Dimension de la topaze centrale : 7 mm x 5 mm.<\/p>","protected":false},"featured_media":10071,"template":"","meta":{"_monsterinsights_skip_tracking":false,"_monsterinsights_sitenote_active":false,"_monsterinsights_sitenote_note":"","_monsterinsights_sitenote_category":0},"product_brand":[],"product_cat":[50,46],"product_tag":[],"class_list":{"0":"post-10064","1":"product","2":"type-product","3":"status-publish","4":"has-post-thumbnail","6":"product_cat-bagues-argent","7":"product_cat-bagues","8":"nt-post-class","9":"","15":"first","16":"instock","17":"taxable","18":"shipping-taxable","19":"purchasable","20":"product-type-simple"},"_links":{"self":[{"href":"https:\/\/www.lecrindargent.mu\/en\/wp-json\/wp\/v2\/product\/10064","targetHints":{"allow":["GET"]}}],"collection":[{"href":"https:\/\/www.lecrindargent.mu\/en\/wp-json\/wp\/v2\/product"}],"about":[{"href":"https:\/\/www.lecrindargent.mu\/en\/wp-json\/wp\/v2\/types\/product"}],"version-history":[{"count":0,"href":"https:\/\/www.lecrindargent.mu\/en\/wp-json\/wp\/v2\/product\/10064\/revisions"}],"wp:featuredmedia":[{"embeddable":true,"href":"https:\/\/www.lecrindargent.mu\/en\/wp-json\/wp\/v2\/media\/10071"}],"wp:attachment":[{"href":"https:\/\/www.lecrindargent.mu\/en\/wp-json\/wp\/v2\/media?parent=10064"}],"wp:term":[{"taxonomy":"product_brand","embeddable":true,"href":"https:\/\/www.lecrindargent.mu\/en\/wp-json\/wp\/v2\/product_brand?post=10064"},{"taxonomy":"product_cat","embeddable":true,"href":"https:\/\/www.lecrindargent.mu\/en\/wp-json\/wp\/v2\/product_cat?post=10064"},{"taxonomy":"product_tag","embeddable":true,"href":"https:\/\/www.lecrindargent.mu\/en\/wp-json\/wp\/v2\/product_tag?post=10064"}],"curies":[{"name":"wp","href":"https:\/\/api.w.org\/{rel}","templated":true}]}}