

{"id":10084,"date":"2025-02-17T15:28:37","date_gmt":"2025-02-17T15:28:37","guid":{"rendered":"https:\/\/www.lecrindargent.mu\/?post_type=product&#038;p=10084"},"modified":"2025-12-19T07:43:34","modified_gmt":"2025-12-19T07:43:34","slug":"beauty","status":"publish","type":"product","link":"https:\/\/www.lecrindargent.mu\/en\/product\/beauty\/","title":{"rendered":"BEAUTY"},"content":{"rendered":"<p>D\u00e9couvrez l&#8217;\u00e9l\u00e9gance de cette bague ronde en nacre, con\u00e7ue pour captiver tous les regards.<\/p>\n<p>Le centre de la bague est orn\u00e9 d&#8217;une perle de grenat, ajoutant une touche de couleur profonde et chaleureuse \u00e0 la nacre iris\u00e9e.<\/p>\n<p>La blancheur de la nacre est rehauss\u00e9e par un pourtour d\u00e9licatement d\u00e9cor\u00e9 de marcassites \u00e9clatantes, offrant une brillance subtile et raffin\u00e9e.<\/p>\n<p>Diam\u00e8tre total : 15 mm.<\/p>","protected":false},"excerpt":{"rendered":"<p>D\u00e9couvrez l&#8217;\u00e9l\u00e9gance de cette bague ronde en nacre, con\u00e7ue pour captiver tous les regards.<\/p>\n<p>Le centre de la bague est orn\u00e9 d&#8217;une perle de grenat, ajoutant une touche de couleur profonde et chaleureuse \u00e0 la nacre iris\u00e9e.<\/p>\n<p>La blancheur de la nacre est rehauss\u00e9e par un pourtour d\u00e9licatement d\u00e9cor\u00e9 de marcassites \u00e9clatantes, offrant une brillance subtile et raffin\u00e9e.<\/p>\n<p>Diam\u00e8tre total : 15 mm.<\/p>","protected":false},"featured_media":10091,"template":"","meta":{"_monsterinsights_skip_tracking":false,"_monsterinsights_sitenote_active":false,"_monsterinsights_sitenote_note":"","_monsterinsights_sitenote_category":0},"product_brand":[],"product_cat":[50,46],"product_tag":[123],"class_list":{"0":"post-10084","1":"product","2":"type-product","3":"status-publish","4":"has-post-thumbnail","6":"product_cat-bagues-argent","7":"product_cat-bagues","8":"product_tag-fete-des-meres","9":"nt-post-class","10":"","16":"first","17":"instock","18":"taxable","19":"shipping-taxable","20":"purchasable","21":"product-type-simple"},"_links":{"self":[{"href":"https:\/\/www.lecrindargent.mu\/en\/wp-json\/wp\/v2\/product\/10084","targetHints":{"allow":["GET"]}}],"collection":[{"href":"https:\/\/www.lecrindargent.mu\/en\/wp-json\/wp\/v2\/product"}],"about":[{"href":"https:\/\/www.lecrindargent.mu\/en\/wp-json\/wp\/v2\/types\/product"}],"version-history":[{"count":0,"href":"https:\/\/www.lecrindargent.mu\/en\/wp-json\/wp\/v2\/product\/10084\/revisions"}],"wp:featuredmedia":[{"embeddable":true,"href":"https:\/\/www.lecrindargent.mu\/en\/wp-json\/wp\/v2\/media\/10091"}],"wp:attachment":[{"href":"https:\/\/www.lecrindargent.mu\/en\/wp-json\/wp\/v2\/media?parent=10084"}],"wp:term":[{"taxonomy":"product_brand","embeddable":true,"href":"https:\/\/www.lecrindargent.mu\/en\/wp-json\/wp\/v2\/product_brand?post=10084"},{"taxonomy":"product_cat","embeddable":true,"href":"https:\/\/www.lecrindargent.mu\/en\/wp-json\/wp\/v2\/product_cat?post=10084"},{"taxonomy":"product_tag","embeddable":true,"href":"https:\/\/www.lecrindargent.mu\/en\/wp-json\/wp\/v2\/product_tag?post=10084"}],"curies":[{"name":"wp","href":"https:\/\/api.w.org\/{rel}","templated":true}]}}