

{"id":10164,"date":"2025-02-18T02:05:03","date_gmt":"2025-02-18T02:05:03","guid":{"rendered":"https:\/\/www.lecrindargent.mu\/?post_type=product&#038;p=10164"},"modified":"2026-04-04T08:47:14","modified_gmt":"2026-04-04T08:47:14","slug":"lagoon","status":"publish","type":"product","link":"https:\/\/www.lecrindargent.mu\/en\/product\/lagoon\/","title":{"rendered":"LAGOON"},"content":{"rendered":"<p>LAGOON est la bague du quotidien par excellence.<\/p>\n<p>Sa topaze au bleu d\u00e9licat est la gemme id\u00e9ale pour accompagner tous types de tenues : blanches, noires, jean, tout lui va.<\/p>\n<p>Tenue solidement par 4 griffes, la topaze est sertie dans une bague argent 925, o\u00f9 une ceinture de fines marcassites scintillantes vient contraster avec un jeu subtile d&#8217;entrelacs. Entre jeu de textures et jeu de lumi\u00e8res, cette bague aux dimensions g\u00e9n\u00e9reuses deviendra vite votre indispensable.<\/p>\n<p>Largeur : 22 mm.<\/p>","protected":false},"excerpt":{"rendered":"<p>LAGOON est la bague du quotidien par excellence !\u00a0Sa topaze au bleu d\u00e9licat est la gemme id\u00e9ale pour accompagner tous types de tenues : blanches, noires, jean, tout lui va.<\/p>\n<p>Tenue solidement par 4 griffes, la topaze est sertie dans une bague argent 925, o\u00f9 une ceinture de fines marcassites scintillantes vient contraster avec un jeu subtile d&#8217;entrelacs. Entre jeu de textures et jeu de lumi\u00e8res, cette bague aux dimensions g\u00e9n\u00e9reuses deviendra vite votre indispensable.<\/p>\n<p>Largeur : 22 mm.<\/p>","protected":false},"featured_media":10165,"template":"","meta":{"_monsterinsights_skip_tracking":false,"_monsterinsights_sitenote_active":false,"_monsterinsights_sitenote_note":"","_monsterinsights_sitenote_category":0},"product_brand":[],"product_cat":[50,46],"product_tag":[],"class_list":{"0":"post-10164","1":"product","2":"type-product","3":"status-publish","4":"has-post-thumbnail","6":"product_cat-bagues-argent","7":"product_cat-bagues","8":"nt-post-class","9":"","15":"first","16":"instock","17":"taxable","18":"shipping-taxable","19":"purchasable","20":"product-type-simple"},"_links":{"self":[{"href":"https:\/\/www.lecrindargent.mu\/en\/wp-json\/wp\/v2\/product\/10164","targetHints":{"allow":["GET"]}}],"collection":[{"href":"https:\/\/www.lecrindargent.mu\/en\/wp-json\/wp\/v2\/product"}],"about":[{"href":"https:\/\/www.lecrindargent.mu\/en\/wp-json\/wp\/v2\/types\/product"}],"version-history":[{"count":0,"href":"https:\/\/www.lecrindargent.mu\/en\/wp-json\/wp\/v2\/product\/10164\/revisions"}],"wp:featuredmedia":[{"embeddable":true,"href":"https:\/\/www.lecrindargent.mu\/en\/wp-json\/wp\/v2\/media\/10165"}],"wp:attachment":[{"href":"https:\/\/www.lecrindargent.mu\/en\/wp-json\/wp\/v2\/media?parent=10164"}],"wp:term":[{"taxonomy":"product_brand","embeddable":true,"href":"https:\/\/www.lecrindargent.mu\/en\/wp-json\/wp\/v2\/product_brand?post=10164"},{"taxonomy":"product_cat","embeddable":true,"href":"https:\/\/www.lecrindargent.mu\/en\/wp-json\/wp\/v2\/product_cat?post=10164"},{"taxonomy":"product_tag","embeddable":true,"href":"https:\/\/www.lecrindargent.mu\/en\/wp-json\/wp\/v2\/product_tag?post=10164"}],"curies":[{"name":"wp","href":"https:\/\/api.w.org\/{rel}","templated":true}]}}