

{"id":10175,"date":"2025-02-18T02:19:31","date_gmt":"2025-02-18T02:19:31","guid":{"rendered":"https:\/\/www.lecrindargent.mu\/?post_type=product&#038;p=10175"},"modified":"2026-04-04T08:51:40","modified_gmt":"2026-04-04T08:51:40","slug":"elise","status":"publish","type":"product","link":"https:\/\/www.lecrindargent.mu\/en\/product\/elise\/","title":{"rendered":"ELISE"},"content":{"rendered":"<p>L\u2019harmonie parfaite entre design raffin\u00e9 et \u00e9clat naturel se r\u00e9v\u00e8le dans cette bague en Argent 925, o\u00f9 une magnifique agate verte tr\u00f4ne majestueusement en son centre.<\/p>\n<p>Son vert profond est sublim\u00e9 par un cadre ajour\u00e9 en argent, jouant avec la lumi\u00e8re et les espaces pour une allure a\u00e9rienne et moderne. Quelques marcassites soigneusement serties viennent ajouter une touche scintillante, contrastant avec la douceur velout\u00e9e de l\u2019agate et conf\u00e9rant \u00e0 cette bague un style \u00e0 la fois vintage et intemporel. Une pi\u00e8ce pens\u00e9e pour celles qui appr\u00e9cient les bijoux d\u00e9licats et expressifs, entre \u00e9l\u00e9gance architecturale et charme naturel.<\/p>\n<p>Un bijou au caract\u00e8re unique, parfait pour celles qui recherchent un \u00e9quilibre subtil entre finesse et pr\u00e9sence.<\/p>\n<p>Dimensions : 18 mm\u00a0 x 18 mm.<\/p>","protected":false},"excerpt":{"rendered":"<p>L\u2019harmonie parfaite entre design raffin\u00e9 et \u00e9clat naturel se r\u00e9v\u00e8le dans cette bague en Argent 925, o\u00f9 une magnifique agate verte tr\u00f4ne majestueusement en son centre.<\/p>\n<p>Son vert profond et apaisant est sublim\u00e9 par un cadre ajour\u00e9 en argent, jouant avec la lumi\u00e8re et les espaces pour une allure a\u00e9rienne et moderne. Quelques marcassites soigneusement serties viennent ajouter une touche scintillante, contrastant avec la douceur velout\u00e9e de l\u2019agate et conf\u00e9rant \u00e0 cette bague un style \u00e0 la fois vintage et intemporel.<\/p>\n<p>Un bijou au caract\u00e8re unique, parfait pour celles qui recherchent un \u00e9quilibre subtil entre finesse et pr\u00e9sence.<\/p>\n<p>Dimensions : 18 mm\u00a0 x 18 mm.<\/p>","protected":false},"featured_media":10176,"template":"","meta":{"_monsterinsights_skip_tracking":false,"_monsterinsights_sitenote_active":false,"_monsterinsights_sitenote_note":"","_monsterinsights_sitenote_category":0},"product_brand":[],"product_cat":[50,46],"product_tag":[],"class_list":{"0":"post-10175","1":"product","2":"type-product","3":"status-publish","4":"has-post-thumbnail","6":"product_cat-bagues-argent","7":"product_cat-bagues","8":"nt-post-class","9":"","15":"first","16":"instock","17":"taxable","18":"shipping-taxable","19":"purchasable","20":"product-type-simple"},"_links":{"self":[{"href":"https:\/\/www.lecrindargent.mu\/en\/wp-json\/wp\/v2\/product\/10175","targetHints":{"allow":["GET"]}}],"collection":[{"href":"https:\/\/www.lecrindargent.mu\/en\/wp-json\/wp\/v2\/product"}],"about":[{"href":"https:\/\/www.lecrindargent.mu\/en\/wp-json\/wp\/v2\/types\/product"}],"version-history":[{"count":0,"href":"https:\/\/www.lecrindargent.mu\/en\/wp-json\/wp\/v2\/product\/10175\/revisions"}],"wp:featuredmedia":[{"embeddable":true,"href":"https:\/\/www.lecrindargent.mu\/en\/wp-json\/wp\/v2\/media\/10176"}],"wp:attachment":[{"href":"https:\/\/www.lecrindargent.mu\/en\/wp-json\/wp\/v2\/media?parent=10175"}],"wp:term":[{"taxonomy":"product_brand","embeddable":true,"href":"https:\/\/www.lecrindargent.mu\/en\/wp-json\/wp\/v2\/product_brand?post=10175"},{"taxonomy":"product_cat","embeddable":true,"href":"https:\/\/www.lecrindargent.mu\/en\/wp-json\/wp\/v2\/product_cat?post=10175"},{"taxonomy":"product_tag","embeddable":true,"href":"https:\/\/www.lecrindargent.mu\/en\/wp-json\/wp\/v2\/product_tag?post=10175"}],"curies":[{"name":"wp","href":"https:\/\/api.w.org\/{rel}","templated":true}]}}