

{"id":10520,"date":"2025-04-28T15:05:10","date_gmt":"2025-04-28T15:05:10","guid":{"rendered":"https:\/\/www.lecrindargent.mu\/?post_type=product&#038;p=10520"},"modified":"2025-12-27T04:56:06","modified_gmt":"2025-12-27T04:56:06","slug":"kaia","status":"publish","type":"product","link":"https:\/\/www.lecrindargent.mu\/en\/product\/kaia\/","title":{"rendered":"KAIA"},"content":{"rendered":"<p>\u00c9l\u00e9gance et \u00e9clat s\u2019unissent dans cette d\u00e9licate bague en argent 925, o\u00f9 deux rubans se croisent en une danse harmonieuse.<\/p>\n<p>L\u2019un, en argent poli, \u00e9voque la puret\u00e9 intemporelle, tandis que l\u2019autre, d\u00e9licatement serti de marcassites scintillantes, apporte une touche de lumi\u00e8re envo\u00fbtante. Un lien pr\u00e9cieux, lui aussi habill\u00e9 de marcassites, vient unir ces deux courants en un symbole de raffinement et d\u2019unit\u00e9.<\/p>\n<p>Une pi\u00e8ce unique qui conjugue sophistication et charme r\u00e9tro, id\u00e9ale pour sublimer chaque tenue avec gr\u00e2ce.<\/p>\n<p>Largeur : 7 mm.<\/p>","protected":false},"excerpt":{"rendered":"<p>Toute en \u00e9l\u00e9gance, cette d\u00e9licate bague en argent pr\u00e9sente deux rubans qui se croisent : l\u2019un est en argent poli, tandis que l\u2019autre est d\u00e9licatement serti de marcassites scintillantes.<\/p>\n<p>Un lien pr\u00e9cieux, lui aussi habill\u00e9 de marcassites, vient unir ces deux courants en un symbole de raffinement et d\u2019unit\u00e9.<\/p>\n<p>Largeur : 7 mm.<\/p>","protected":false},"featured_media":10851,"template":"","meta":{"_monsterinsights_skip_tracking":false,"_monsterinsights_sitenote_active":false,"_monsterinsights_sitenote_note":"","_monsterinsights_sitenote_category":0},"product_brand":[],"product_cat":[50,46],"product_tag":[],"class_list":{"0":"post-10520","1":"product","2":"type-product","3":"status-publish","4":"has-post-thumbnail","6":"product_cat-bagues-argent","7":"product_cat-bagues","8":"nt-post-class","9":"","15":"first","16":"instock","17":"taxable","18":"shipping-taxable","19":"purchasable","20":"product-type-simple"},"_links":{"self":[{"href":"https:\/\/www.lecrindargent.mu\/en\/wp-json\/wp\/v2\/product\/10520","targetHints":{"allow":["GET"]}}],"collection":[{"href":"https:\/\/www.lecrindargent.mu\/en\/wp-json\/wp\/v2\/product"}],"about":[{"href":"https:\/\/www.lecrindargent.mu\/en\/wp-json\/wp\/v2\/types\/product"}],"version-history":[{"count":0,"href":"https:\/\/www.lecrindargent.mu\/en\/wp-json\/wp\/v2\/product\/10520\/revisions"}],"wp:featuredmedia":[{"embeddable":true,"href":"https:\/\/www.lecrindargent.mu\/en\/wp-json\/wp\/v2\/media\/10851"}],"wp:attachment":[{"href":"https:\/\/www.lecrindargent.mu\/en\/wp-json\/wp\/v2\/media?parent=10520"}],"wp:term":[{"taxonomy":"product_brand","embeddable":true,"href":"https:\/\/www.lecrindargent.mu\/en\/wp-json\/wp\/v2\/product_brand?post=10520"},{"taxonomy":"product_cat","embeddable":true,"href":"https:\/\/www.lecrindargent.mu\/en\/wp-json\/wp\/v2\/product_cat?post=10520"},{"taxonomy":"product_tag","embeddable":true,"href":"https:\/\/www.lecrindargent.mu\/en\/wp-json\/wp\/v2\/product_tag?post=10520"}],"curies":[{"name":"wp","href":"https:\/\/api.w.org\/{rel}","templated":true}]}}