

{"id":10560,"date":"2025-04-29T12:13:22","date_gmt":"2025-04-29T12:13:22","guid":{"rendered":"https:\/\/www.lecrindargent.mu\/?post_type=product&#038;p=10560"},"modified":"2026-04-06T07:10:28","modified_gmt":"2026-04-06T07:10:28","slug":"gemini","status":"publish","type":"product","link":"https:\/\/www.lecrindargent.mu\/en\/product\/gemini\/","title":{"rendered":"GEMINI"},"content":{"rendered":"<p>Beaucoup d&#8217;originalit\u00e9 et de subtilit\u00e9 pour cette bague en argent 925, opales iris\u00e9es \u00e0 dominante bleu\/vert, et marcassites. Le travail du ruban apporte beaucoup de l\u00e9g\u00e8ret\u00e9 et de douceur \u00e0 la bague.<\/p>\n<p>Dimensions : 13 mm x 17 mm.<\/p>","protected":false},"excerpt":{"rendered":"<p>Beaucoup d&#8217;originalit\u00e9 et de subtilit\u00e9 pour cette bague en argent 925, opales \u00e0 dominante bleu\/vert, et marcassites. Le travail du ruban apporte beaucoup de l\u00e9g\u00e8ret\u00e9 et de douceur \u00e0 la bague.<\/p>\n<p>Dimensions : 13 mm x 17 mm.<\/p>","protected":false},"featured_media":10143,"template":"","meta":{"_monsterinsights_skip_tracking":false,"_monsterinsights_sitenote_active":false,"_monsterinsights_sitenote_note":"","_monsterinsights_sitenote_category":0},"product_brand":[],"product_cat":[50,46],"product_tag":[],"class_list":{"0":"post-10560","1":"product","2":"type-product","3":"status-publish","4":"has-post-thumbnail","6":"product_cat-bagues-argent","7":"product_cat-bagues","8":"nt-post-class","9":"","15":"first","16":"instock","17":"taxable","18":"shipping-taxable","19":"purchasable","20":"product-type-simple"},"_links":{"self":[{"href":"https:\/\/www.lecrindargent.mu\/en\/wp-json\/wp\/v2\/product\/10560","targetHints":{"allow":["GET"]}}],"collection":[{"href":"https:\/\/www.lecrindargent.mu\/en\/wp-json\/wp\/v2\/product"}],"about":[{"href":"https:\/\/www.lecrindargent.mu\/en\/wp-json\/wp\/v2\/types\/product"}],"version-history":[{"count":0,"href":"https:\/\/www.lecrindargent.mu\/en\/wp-json\/wp\/v2\/product\/10560\/revisions"}],"wp:featuredmedia":[{"embeddable":true,"href":"https:\/\/www.lecrindargent.mu\/en\/wp-json\/wp\/v2\/media\/10143"}],"wp:attachment":[{"href":"https:\/\/www.lecrindargent.mu\/en\/wp-json\/wp\/v2\/media?parent=10560"}],"wp:term":[{"taxonomy":"product_brand","embeddable":true,"href":"https:\/\/www.lecrindargent.mu\/en\/wp-json\/wp\/v2\/product_brand?post=10560"},{"taxonomy":"product_cat","embeddable":true,"href":"https:\/\/www.lecrindargent.mu\/en\/wp-json\/wp\/v2\/product_cat?post=10560"},{"taxonomy":"product_tag","embeddable":true,"href":"https:\/\/www.lecrindargent.mu\/en\/wp-json\/wp\/v2\/product_tag?post=10560"}],"curies":[{"name":"wp","href":"https:\/\/api.w.org\/{rel}","templated":true}]}}