

{"id":10684,"date":"2025-05-11T12:44:36","date_gmt":"2025-05-11T12:44:36","guid":{"rendered":"https:\/\/www.lecrindargent.mu\/?post_type=product&#038;p=10684"},"modified":"2026-04-06T11:02:36","modified_gmt":"2026-04-06T11:02:36","slug":"sonora","status":"publish","type":"product","link":"https:\/\/www.lecrindargent.mu\/en\/product\/sonora\/","title":{"rendered":"SONORA"},"content":{"rendered":"<p>Affirmez votre style avec cette bague au design audacieux et raffin\u00e9.<\/p>\n<p>Con\u00e7ue en argent 925, elle arbore un rectangle serti de fines marcassites, conf\u00e9rant \u00e0 l\u2019ensemble une \u00e9l\u00e9gance subtile et intemporelle.<br \/>\nSon motif g\u00e9om\u00e9trique est divis\u00e9 en quatre par une croix en argent, symbole de force et d\u2019\u00e9quilibre. En son centre, un carr\u00e9 de marcassites plus grandes vient magnifier la composition, attirant le regard par son \u00e9clat discret mais puissant.<\/p>\n<p>Un bijou au caract\u00e8re affirm\u00e9, id\u00e9al pour les hommes en qu\u00eate d\u2019une pi\u00e8ce styl\u00e9e, \u00e0 la fois moderne et empreinte de prestige.<\/p>\n<p>Dimensions : 14 mm x 14 mm.<\/p>","protected":false},"excerpt":{"rendered":"<p>Con\u00e7ue en argent 925, cette bague arbore un rectangle serti de fines marcassites, conf\u00e9rant \u00e0 l\u2019ensemble une \u00e9l\u00e9gance subtile. Son motif g\u00e9om\u00e9trique est divis\u00e9 en quatre par une croix en argent, symbole de force et d\u2019\u00e9quilibre. En son centre, un carr\u00e9 de marcassites plus grandes vient magnifier la composition, attirant le regard par son \u00e9clat discret mais puissant.<\/p>\n<p>Dimensions : 14 mm x 14 mm.<\/p>","protected":false},"featured_media":10685,"template":"","meta":{"_monsterinsights_skip_tracking":false,"_monsterinsights_sitenote_active":false,"_monsterinsights_sitenote_note":"","_monsterinsights_sitenote_category":0},"product_brand":[],"product_cat":[124,71],"product_tag":[],"class_list":{"0":"post-10684","1":"product","2":"type-product","3":"status-publish","4":"has-post-thumbnail","6":"product_cat-bagues-hommes","7":"product_cat-hommes","8":"nt-post-class","9":"","15":"first","16":"instock","17":"taxable","18":"shipping-taxable","19":"purchasable","20":"product-type-simple"},"_links":{"self":[{"href":"https:\/\/www.lecrindargent.mu\/en\/wp-json\/wp\/v2\/product\/10684","targetHints":{"allow":["GET"]}}],"collection":[{"href":"https:\/\/www.lecrindargent.mu\/en\/wp-json\/wp\/v2\/product"}],"about":[{"href":"https:\/\/www.lecrindargent.mu\/en\/wp-json\/wp\/v2\/types\/product"}],"version-history":[{"count":0,"href":"https:\/\/www.lecrindargent.mu\/en\/wp-json\/wp\/v2\/product\/10684\/revisions"}],"wp:featuredmedia":[{"embeddable":true,"href":"https:\/\/www.lecrindargent.mu\/en\/wp-json\/wp\/v2\/media\/10685"}],"wp:attachment":[{"href":"https:\/\/www.lecrindargent.mu\/en\/wp-json\/wp\/v2\/media?parent=10684"}],"wp:term":[{"taxonomy":"product_brand","embeddable":true,"href":"https:\/\/www.lecrindargent.mu\/en\/wp-json\/wp\/v2\/product_brand?post=10684"},{"taxonomy":"product_cat","embeddable":true,"href":"https:\/\/www.lecrindargent.mu\/en\/wp-json\/wp\/v2\/product_cat?post=10684"},{"taxonomy":"product_tag","embeddable":true,"href":"https:\/\/www.lecrindargent.mu\/en\/wp-json\/wp\/v2\/product_tag?post=10684"}],"curies":[{"name":"wp","href":"https:\/\/api.w.org\/{rel}","templated":true}]}}