

{"id":10688,"date":"2025-05-11T12:51:07","date_gmt":"2025-05-11T12:51:07","guid":{"rendered":"https:\/\/www.lecrindargent.mu\/?post_type=product&#038;p=10688"},"modified":"2026-04-06T11:03:42","modified_gmt":"2026-04-06T11:03:42","slug":"tacoma","status":"publish","type":"product","link":"https:\/\/www.lecrindargent.mu\/en\/product\/tacoma\/","title":{"rendered":"TACOMA"},"content":{"rendered":"<p>Affirmez votre style avec cette bague au caract\u00e8re audacieux et raffin\u00e9.<\/p>\n<p>Con\u00e7ue en argent 925, elle met \u00e0 l&#8217;honneur un majestueux \u0153il de tigre de forme ovale, dont les nuances profondes et chatoyantes \u00e9voquent force et protection. Son sertissage minutieux sublime la pierre, tandis que la monture finement ouvrag\u00e9e sur son pourtour et sur l\u2019anneau ajoute une touche d\u2019authenticit\u00e9 et de prestige. Gr\u00e2ce \u00e0 ses dimensions g\u00e9n\u00e9reuses, cette bague offre une belle pr\u00e9sence, id\u00e9ale pour l\u2019homme qui souhaite conjuguer virilit\u00e9 et raffinement.<\/p>\n<p>Un bijou de caract\u00e8re qui ne passe pas inaper\u00e7u, parfait pour ceux en qu\u00eate d\u2019un style affirm\u00e9 et intemporel.<\/p>\n<p>Dimensions : 18 mm x 22 mm.<\/p>\n<div id=\"audd-recorder-marker\" style=\"display: none\"><\/div>","protected":false},"excerpt":{"rendered":"<p>Affirmez votre style avec cette bague au caract\u00e8re audacieux et raffin\u00e9. Con\u00e7ue en argent 925, elle met \u00e0 l&#8217;honneur un majestueux \u0153il de tigre de forme ovale, dont les nuances profondes et chatoyantes \u00e9voquent force et protection.<br \/>\nSon sertissage minutieux sublime la pierre, tandis que la monture finement ouvrag\u00e9e sur son pourtour et sur l\u2019anneau ajoute une touche d\u2019authenticit\u00e9 et de prestige.<\/p>\n<p>Dimensions : 18 mm x 22 mm.<\/p>\n<div id=\"audd-recorder-marker\" style=\"display: none\"><\/div>","protected":false},"featured_media":10689,"template":"","meta":{"_monsterinsights_skip_tracking":false,"_monsterinsights_sitenote_active":false,"_monsterinsights_sitenote_note":"","_monsterinsights_sitenote_category":0},"product_brand":[],"product_cat":[124,71],"product_tag":[],"class_list":{"0":"post-10688","1":"product","2":"type-product","3":"status-publish","4":"has-post-thumbnail","6":"product_cat-bagues-hommes","7":"product_cat-hommes","8":"nt-post-class","9":"","15":"first","16":"instock","17":"taxable","18":"shipping-taxable","19":"purchasable","20":"product-type-simple"},"_links":{"self":[{"href":"https:\/\/www.lecrindargent.mu\/en\/wp-json\/wp\/v2\/product\/10688","targetHints":{"allow":["GET"]}}],"collection":[{"href":"https:\/\/www.lecrindargent.mu\/en\/wp-json\/wp\/v2\/product"}],"about":[{"href":"https:\/\/www.lecrindargent.mu\/en\/wp-json\/wp\/v2\/types\/product"}],"version-history":[{"count":0,"href":"https:\/\/www.lecrindargent.mu\/en\/wp-json\/wp\/v2\/product\/10688\/revisions"}],"wp:featuredmedia":[{"embeddable":true,"href":"https:\/\/www.lecrindargent.mu\/en\/wp-json\/wp\/v2\/media\/10689"}],"wp:attachment":[{"href":"https:\/\/www.lecrindargent.mu\/en\/wp-json\/wp\/v2\/media?parent=10688"}],"wp:term":[{"taxonomy":"product_brand","embeddable":true,"href":"https:\/\/www.lecrindargent.mu\/en\/wp-json\/wp\/v2\/product_brand?post=10688"},{"taxonomy":"product_cat","embeddable":true,"href":"https:\/\/www.lecrindargent.mu\/en\/wp-json\/wp\/v2\/product_cat?post=10688"},{"taxonomy":"product_tag","embeddable":true,"href":"https:\/\/www.lecrindargent.mu\/en\/wp-json\/wp\/v2\/product_tag?post=10688"}],"curies":[{"name":"wp","href":"https:\/\/api.w.org\/{rel}","templated":true}]}}