

{"id":10718,"date":"2025-05-11T13:26:05","date_gmt":"2025-05-11T13:26:05","guid":{"rendered":"https:\/\/www.lecrindargent.mu\/?post_type=product&#038;p=10718"},"modified":"2026-04-06T10:59:23","modified_gmt":"2026-04-06T10:59:23","slug":"pechora","status":"publish","type":"product","link":"https:\/\/www.lecrindargent.mu\/en\/product\/pechora\/","title":{"rendered":"PECHORA"},"content":{"rendered":"<p>Avec son design contemporain, cette bague allie \u00e9l\u00e9gance et raffinement.<\/p>\n<p>Elle marie harmonieusement argent 925, onyx au noir profond, et marcassites scintillantes pour lui conf\u00e9rer tout son \u00e9clat.<\/p>\n<p>Entre jeux de textures et jeux de lumi\u00e8re, PECHORA saura convenir \u00e0 tous les styles de vie.<\/p>","protected":false},"excerpt":{"rendered":"<p>Avec son design contemporain, cette bague allie \u00e9l\u00e9gance et raffinement. Elle marie harmonieusement argent 925, onyx au noir profond, et marcassites scintillantes pour lui conf\u00e9rer tout son \u00e9clat. Entre jeux de textures et jeux de lumi\u00e8re, PECHORA saura convenir \u00e0 tous les styles de vie.<\/p>","protected":false},"featured_media":10719,"template":"","meta":{"_monsterinsights_skip_tracking":false,"_monsterinsights_sitenote_active":false,"_monsterinsights_sitenote_note":"","_monsterinsights_sitenote_category":0},"product_brand":[],"product_cat":[124,71],"product_tag":[],"class_list":{"0":"post-10718","1":"product","2":"type-product","3":"status-publish","4":"has-post-thumbnail","6":"product_cat-bagues-hommes","7":"product_cat-hommes","8":"nt-post-class","9":"","15":"first","16":"instock","17":"taxable","18":"shipping-taxable","19":"purchasable","20":"product-type-simple"},"_links":{"self":[{"href":"https:\/\/www.lecrindargent.mu\/en\/wp-json\/wp\/v2\/product\/10718","targetHints":{"allow":["GET"]}}],"collection":[{"href":"https:\/\/www.lecrindargent.mu\/en\/wp-json\/wp\/v2\/product"}],"about":[{"href":"https:\/\/www.lecrindargent.mu\/en\/wp-json\/wp\/v2\/types\/product"}],"version-history":[{"count":0,"href":"https:\/\/www.lecrindargent.mu\/en\/wp-json\/wp\/v2\/product\/10718\/revisions"}],"wp:featuredmedia":[{"embeddable":true,"href":"https:\/\/www.lecrindargent.mu\/en\/wp-json\/wp\/v2\/media\/10719"}],"wp:attachment":[{"href":"https:\/\/www.lecrindargent.mu\/en\/wp-json\/wp\/v2\/media?parent=10718"}],"wp:term":[{"taxonomy":"product_brand","embeddable":true,"href":"https:\/\/www.lecrindargent.mu\/en\/wp-json\/wp\/v2\/product_brand?post=10718"},{"taxonomy":"product_cat","embeddable":true,"href":"https:\/\/www.lecrindargent.mu\/en\/wp-json\/wp\/v2\/product_cat?post=10718"},{"taxonomy":"product_tag","embeddable":true,"href":"https:\/\/www.lecrindargent.mu\/en\/wp-json\/wp\/v2\/product_tag?post=10718"}],"curies":[{"name":"wp","href":"https:\/\/api.w.org\/{rel}","templated":true}]}}