

{"id":10741,"date":"2025-05-11T13:44:13","date_gmt":"2025-05-11T13:44:13","guid":{"rendered":"https:\/\/www.lecrindargent.mu\/?post_type=product&#038;p=10741"},"modified":"2026-04-06T08:30:58","modified_gmt":"2026-04-06T08:30:58","slug":"tasmany","status":"publish","type":"product","link":"https:\/\/www.lecrindargent.mu\/en\/product\/tasmany\/","title":{"rendered":"TASMANY"},"content":{"rendered":"<p>Tel un \u00e9clat de lumi\u00e8re suspendu \u00e0 votre cou, ce collier en argent 925 incarne \u00e9l\u00e9gance et myst\u00e8re.<\/p>\n<p>Son pendentif en forme de goutte, d\u00e9licatement fa\u00e7onn\u00e9, r\u00e9v\u00e8le en son c\u0153ur une opale aux reflets fascinants. Capturant chaque nuance de lumi\u00e8re, cette pierre pr\u00e9cieuse d\u00e9ploie un ballet de couleurs envo\u00fbtantes.\u00a0Un bijou empreint de douceur et de sophistication, id\u00e9al pour celles qui aiment porter un \u00e9clat de magie au quotidien.<\/p>","protected":false},"excerpt":{"rendered":"<p>Ce collier en argent incarne l&#8217;\u00e9l\u00e9gance avec son pendentif en forme de goutte, d\u00e9licatement fa\u00e7onn\u00e9, r\u00e9v\u00e9lant en son c\u0153ur une opale aux reflets fascinants. Capturant chaque nuance de lumi\u00e8re, cette pierre pr\u00e9cieuse d\u00e9ploie un ballet de couleurs envo\u00fbtantes.<\/p>","protected":false},"featured_media":10742,"template":"","meta":{"_monsterinsights_skip_tracking":false,"_monsterinsights_sitenote_active":false,"_monsterinsights_sitenote_note":"","_monsterinsights_sitenote_category":0},"product_brand":[],"product_cat":[41],"product_tag":[],"class_list":{"0":"post-10741","1":"product","2":"type-product","3":"status-publish","4":"has-post-thumbnail","6":"product_cat-colliers","7":"nt-post-class","8":"","14":"first","15":"instock","16":"taxable","17":"shipping-taxable","18":"purchasable","19":"product-type-simple"},"_links":{"self":[{"href":"https:\/\/www.lecrindargent.mu\/en\/wp-json\/wp\/v2\/product\/10741","targetHints":{"allow":["GET"]}}],"collection":[{"href":"https:\/\/www.lecrindargent.mu\/en\/wp-json\/wp\/v2\/product"}],"about":[{"href":"https:\/\/www.lecrindargent.mu\/en\/wp-json\/wp\/v2\/types\/product"}],"version-history":[{"count":0,"href":"https:\/\/www.lecrindargent.mu\/en\/wp-json\/wp\/v2\/product\/10741\/revisions"}],"wp:featuredmedia":[{"embeddable":true,"href":"https:\/\/www.lecrindargent.mu\/en\/wp-json\/wp\/v2\/media\/10742"}],"wp:attachment":[{"href":"https:\/\/www.lecrindargent.mu\/en\/wp-json\/wp\/v2\/media?parent=10741"}],"wp:term":[{"taxonomy":"product_brand","embeddable":true,"href":"https:\/\/www.lecrindargent.mu\/en\/wp-json\/wp\/v2\/product_brand?post=10741"},{"taxonomy":"product_cat","embeddable":true,"href":"https:\/\/www.lecrindargent.mu\/en\/wp-json\/wp\/v2\/product_cat?post=10741"},{"taxonomy":"product_tag","embeddable":true,"href":"https:\/\/www.lecrindargent.mu\/en\/wp-json\/wp\/v2\/product_tag?post=10741"}],"curies":[{"name":"wp","href":"https:\/\/api.w.org\/{rel}","templated":true}]}}