

{"id":10748,"date":"2025-05-11T13:52:28","date_gmt":"2025-05-11T13:52:28","guid":{"rendered":"https:\/\/www.lecrindargent.mu\/?post_type=product&#038;p=10748"},"modified":"2026-04-06T08:11:55","modified_gmt":"2026-04-06T08:11:55","slug":"tahoe","status":"publish","type":"product","link":"https:\/\/www.lecrindargent.mu\/en\/product\/tahoe\/","title":{"rendered":"TAHOE"},"content":{"rendered":"<p>Tahoe est un collier tout en finesse et caract\u00e8re.<\/p>\n<p>Au centre de son pendentif en lapis lazuli d&#8217;un joli bleu lumineux se trouve une opale iridescente tout en \u00e9clat. L&#8217;ensemble constitue un pendentif d&#8217;une grande originalit\u00e9, aux couleurs vives et lumineuses. Une chaine en argent 925, finement ouvrag\u00e9e aux abords du pendentif, apporte beaucoup de l\u00e9g\u00e8ret\u00e9 et de finesse au collier.<\/p>\n<p>Chic et raffin\u00e9, ce collier saura apporter la petite touche sophistiqu\u00e9e \u00e0 n&#8217;importe quelle tenue.<\/p>\n<p>&nbsp;<\/p>\n<p>&nbsp;<\/p>\n<p>&nbsp;<\/p>","protected":false},"excerpt":{"rendered":"<p>Tahoe est un collier tout en finesse et caract\u00e8re.<\/p>\n<p>Au centre de son pendentif en lapis lazuli d&#8217;un joli bleu lumineux se trouve une opale iridescente tout en \u00e9clat. L&#8217;ensemble constitue un pendentif d&#8217;une grande originalit\u00e9, aux couleurs vives et lumineuses. Une chaine en argent 925, finement ouvrag\u00e9e aux abords du pendentif, apporte beaucoup de l\u00e9g\u00e8ret\u00e9 et de finesse au collier.<\/p>\n<p>Chic et raffin\u00e9, ce collier saura apporter la petite touche sophistiqu\u00e9e \u00e0 n&#8217;importe quelle tenue.<\/p>","protected":false},"featured_media":10749,"template":"","meta":{"_monsterinsights_skip_tracking":false,"_monsterinsights_sitenote_active":false,"_monsterinsights_sitenote_note":"","_monsterinsights_sitenote_category":0},"product_brand":[],"product_cat":[41],"product_tag":[],"class_list":{"0":"post-10748","1":"product","2":"type-product","3":"status-publish","4":"has-post-thumbnail","6":"product_cat-colliers","7":"nt-post-class","8":"","14":"first","15":"instock","16":"taxable","17":"shipping-taxable","18":"purchasable","19":"product-type-simple"},"_links":{"self":[{"href":"https:\/\/www.lecrindargent.mu\/en\/wp-json\/wp\/v2\/product\/10748","targetHints":{"allow":["GET"]}}],"collection":[{"href":"https:\/\/www.lecrindargent.mu\/en\/wp-json\/wp\/v2\/product"}],"about":[{"href":"https:\/\/www.lecrindargent.mu\/en\/wp-json\/wp\/v2\/types\/product"}],"version-history":[{"count":0,"href":"https:\/\/www.lecrindargent.mu\/en\/wp-json\/wp\/v2\/product\/10748\/revisions"}],"wp:featuredmedia":[{"embeddable":true,"href":"https:\/\/www.lecrindargent.mu\/en\/wp-json\/wp\/v2\/media\/10749"}],"wp:attachment":[{"href":"https:\/\/www.lecrindargent.mu\/en\/wp-json\/wp\/v2\/media?parent=10748"}],"wp:term":[{"taxonomy":"product_brand","embeddable":true,"href":"https:\/\/www.lecrindargent.mu\/en\/wp-json\/wp\/v2\/product_brand?post=10748"},{"taxonomy":"product_cat","embeddable":true,"href":"https:\/\/www.lecrindargent.mu\/en\/wp-json\/wp\/v2\/product_cat?post=10748"},{"taxonomy":"product_tag","embeddable":true,"href":"https:\/\/www.lecrindargent.mu\/en\/wp-json\/wp\/v2\/product_tag?post=10748"}],"curies":[{"name":"wp","href":"https:\/\/api.w.org\/{rel}","templated":true}]}}