

{"id":10763,"date":"2025-05-11T14:41:58","date_gmt":"2025-05-11T14:41:58","guid":{"rendered":"https:\/\/www.lecrindargent.mu\/?post_type=product&#038;p=10763"},"modified":"2025-06-22T11:42:46","modified_gmt":"2025-06-22T11:42:46","slug":"charlotte","status":"publish","type":"product","link":"https:\/\/www.lecrindargent.mu\/en\/product\/charlotte\/","title":{"rendered":"CHARLOTTE"},"content":{"rendered":"<p>El\u00e9gante bague argent 925 comprenant une lumineuse am\u00e9thyste ovale, sertie par 4 griffes. La finesse du travail des marcassites de chaque c\u00f4t\u00e9 de la gemme saura vous s\u00e9duire.<\/p>\n<p>Une bague au caract\u00e8re, mais \u00e0 la douceur, affirm\u00e9s.<\/p>\n<p>Dimensions de l&#8217;am\u00e9thyste : 12 mm x 10 mm.<\/p>","protected":false},"excerpt":{"rendered":"<p>El\u00e9gante bague argent 925 comprenant une lumineuse am\u00e9thyste ovale, sertie par 4 griffes. La finesse du travail des marcassites de chaque c\u00f4t\u00e9 de la gemme saura vous s\u00e9duire.<\/p>\n<p>Une bague au caract\u00e8re, mais \u00e0 la douceur, affirm\u00e9s.<\/p>\n<p>Dimensions de l&#8217;am\u00e9thyste : 12 mm x 10 mm.<\/p>","protected":false},"featured_media":10789,"template":"","meta":{"_monsterinsights_skip_tracking":false,"_monsterinsights_sitenote_active":false,"_monsterinsights_sitenote_note":"","_monsterinsights_sitenote_category":0},"product_brand":[],"product_cat":[50,46],"product_tag":[],"class_list":{"0":"post-10763","1":"product","2":"type-product","3":"status-publish","4":"has-post-thumbnail","6":"product_cat-bagues-argent","7":"product_cat-bagues","8":"nt-post-class","9":"","15":"first","16":"instock","17":"taxable","18":"shipping-taxable","19":"purchasable","20":"product-type-simple"},"_links":{"self":[{"href":"https:\/\/www.lecrindargent.mu\/en\/wp-json\/wp\/v2\/product\/10763","targetHints":{"allow":["GET"]}}],"collection":[{"href":"https:\/\/www.lecrindargent.mu\/en\/wp-json\/wp\/v2\/product"}],"about":[{"href":"https:\/\/www.lecrindargent.mu\/en\/wp-json\/wp\/v2\/types\/product"}],"version-history":[{"count":0,"href":"https:\/\/www.lecrindargent.mu\/en\/wp-json\/wp\/v2\/product\/10763\/revisions"}],"wp:featuredmedia":[{"embeddable":true,"href":"https:\/\/www.lecrindargent.mu\/en\/wp-json\/wp\/v2\/media\/10789"}],"wp:attachment":[{"href":"https:\/\/www.lecrindargent.mu\/en\/wp-json\/wp\/v2\/media?parent=10763"}],"wp:term":[{"taxonomy":"product_brand","embeddable":true,"href":"https:\/\/www.lecrindargent.mu\/en\/wp-json\/wp\/v2\/product_brand?post=10763"},{"taxonomy":"product_cat","embeddable":true,"href":"https:\/\/www.lecrindargent.mu\/en\/wp-json\/wp\/v2\/product_cat?post=10763"},{"taxonomy":"product_tag","embeddable":true,"href":"https:\/\/www.lecrindargent.mu\/en\/wp-json\/wp\/v2\/product_tag?post=10763"}],"curies":[{"name":"wp","href":"https:\/\/api.w.org\/{rel}","templated":true}]}}