

{"id":10787,"date":"2025-05-12T16:21:39","date_gmt":"2025-05-12T16:21:39","guid":{"rendered":"https:\/\/www.lecrindargent.mu\/?post_type=product&#038;p=10787"},"modified":"2026-04-04T08:02:45","modified_gmt":"2026-04-04T08:02:45","slug":"amara","status":"publish","type":"product","link":"https:\/\/www.lecrindargent.mu\/en\/product\/amara\/","title":{"rendered":"AMARA"},"content":{"rendered":"<p>Laissez-vous envo\u00fbter par cette somptueuse bague en argent 925, au design harmonieux et travaill\u00e9 avec finesse.<\/p>\n<p>Son opale ronde, lumineuse et changeante, d\u00e9voile des reflets iris\u00e9s qui captivent le regard. Autour de cette pierre mystique, un d\u00e9licat sertissage de marcassites ajoute une touche scintillante et raffin\u00e9e. En second rang, l\u2019\u00e9clat intense des rubis vient sublimer l\u2019ensemble, apportant une note de passion et de distinction. Enfin, une ceinture de marcassites encadre cette composition majestueuse, rehaussant son \u00e9clat et son raffinement. Mont\u00e9e sur une bague finement cisel\u00e9e, cette pi\u00e8ce unique allie tradition et modernit\u00e9, offrant un bijou \u00e0 la fois \u00e9clatant et \u00e9l\u00e9gant.<\/p>\n<p>Parfait pour celles qui recherchent une bague empreinte de charme et de caract\u00e8re.<\/p>\n<p>Diam\u00e8tre : 20 mm.<\/p>","protected":false},"excerpt":{"rendered":"<p>Laissez-vous envo\u00fbter par cette somptueuse bague en argent 925, au design harmonieux et travaill\u00e9 avec finesse.<\/p>\n<p>Son opale ronde d\u00e9voile des reflets iris\u00e9s qui captivent le regard. Autour de cette pierre mystique, un d\u00e9licat sertissage de marcassites ajoute une touche scintillante et raffin\u00e9e. En second rang, l\u2019\u00e9clat intense des rubis vient sublimer l\u2019ensemble, apportant une note de passion et de distinction. Enfin, une ceinture de marcassites encadre cette composition majestueuse, rehaussant son \u00e9clat et son raffinement.<\/p>\n<p>Diam\u00e8tre : 20 mm.<\/p>\n<p>&nbsp;<\/p>","protected":false},"featured_media":10788,"template":"","meta":{"_monsterinsights_skip_tracking":false,"_monsterinsights_sitenote_active":false,"_monsterinsights_sitenote_note":"","_monsterinsights_sitenote_category":0},"product_brand":[],"product_cat":[50,46],"product_tag":[],"class_list":{"0":"post-10787","1":"product","2":"type-product","3":"status-publish","4":"has-post-thumbnail","6":"product_cat-bagues-argent","7":"product_cat-bagues","8":"nt-post-class","9":"","15":"first","16":"instock","17":"taxable","18":"shipping-taxable","19":"purchasable","20":"product-type-simple"},"_links":{"self":[{"href":"https:\/\/www.lecrindargent.mu\/en\/wp-json\/wp\/v2\/product\/10787","targetHints":{"allow":["GET"]}}],"collection":[{"href":"https:\/\/www.lecrindargent.mu\/en\/wp-json\/wp\/v2\/product"}],"about":[{"href":"https:\/\/www.lecrindargent.mu\/en\/wp-json\/wp\/v2\/types\/product"}],"version-history":[{"count":0,"href":"https:\/\/www.lecrindargent.mu\/en\/wp-json\/wp\/v2\/product\/10787\/revisions"}],"wp:featuredmedia":[{"embeddable":true,"href":"https:\/\/www.lecrindargent.mu\/en\/wp-json\/wp\/v2\/media\/10788"}],"wp:attachment":[{"href":"https:\/\/www.lecrindargent.mu\/en\/wp-json\/wp\/v2\/media?parent=10787"}],"wp:term":[{"taxonomy":"product_brand","embeddable":true,"href":"https:\/\/www.lecrindargent.mu\/en\/wp-json\/wp\/v2\/product_brand?post=10787"},{"taxonomy":"product_cat","embeddable":true,"href":"https:\/\/www.lecrindargent.mu\/en\/wp-json\/wp\/v2\/product_cat?post=10787"},{"taxonomy":"product_tag","embeddable":true,"href":"https:\/\/www.lecrindargent.mu\/en\/wp-json\/wp\/v2\/product_tag?post=10787"}],"curies":[{"name":"wp","href":"https:\/\/api.w.org\/{rel}","templated":true}]}}