

{"id":10863,"date":"2025-05-18T13:48:14","date_gmt":"2025-05-18T13:48:14","guid":{"rendered":"https:\/\/www.lecrindargent.mu\/?post_type=product&#038;p=10863"},"modified":"2026-04-06T07:14:32","modified_gmt":"2026-04-06T07:14:32","slug":"ann-shirley","status":"publish","type":"product","link":"https:\/\/www.lecrindargent.mu\/en\/product\/ann-shirley\/","title":{"rendered":"ANN-SHIRLEY"},"content":{"rendered":"<p>Ravissante bague argent 925 comprenant un lumineux cabochon de nacre ovale, sertie par 4 griffes. La finesse du travail des marcassites de chaque c\u00f4t\u00e9 de la gemme saura vous s\u00e9duire.<\/p>","protected":false},"excerpt":{"rendered":"<p>Ravissante bague argent 925 comprenant un lumineux cabochon de nacre ovale, sertie par 4 griffes. La finesse du travail des marcassites de chaque c\u00f4t\u00e9 de la gemme saura vous s\u00e9duire.<\/p>","protected":false},"featured_media":10864,"template":"","meta":{"_monsterinsights_skip_tracking":false,"_monsterinsights_sitenote_active":false,"_monsterinsights_sitenote_note":"","_monsterinsights_sitenote_category":0},"product_brand":[],"product_cat":[50,46],"product_tag":[],"class_list":{"0":"post-10863","1":"product","2":"type-product","3":"status-publish","4":"has-post-thumbnail","6":"product_cat-bagues-argent","7":"product_cat-bagues","8":"nt-post-class","9":"","15":"first","16":"instock","17":"taxable","18":"shipping-taxable","19":"purchasable","20":"product-type-simple"},"_links":{"self":[{"href":"https:\/\/www.lecrindargent.mu\/en\/wp-json\/wp\/v2\/product\/10863","targetHints":{"allow":["GET"]}}],"collection":[{"href":"https:\/\/www.lecrindargent.mu\/en\/wp-json\/wp\/v2\/product"}],"about":[{"href":"https:\/\/www.lecrindargent.mu\/en\/wp-json\/wp\/v2\/types\/product"}],"version-history":[{"count":0,"href":"https:\/\/www.lecrindargent.mu\/en\/wp-json\/wp\/v2\/product\/10863\/revisions"}],"wp:featuredmedia":[{"embeddable":true,"href":"https:\/\/www.lecrindargent.mu\/en\/wp-json\/wp\/v2\/media\/10864"}],"wp:attachment":[{"href":"https:\/\/www.lecrindargent.mu\/en\/wp-json\/wp\/v2\/media?parent=10863"}],"wp:term":[{"taxonomy":"product_brand","embeddable":true,"href":"https:\/\/www.lecrindargent.mu\/en\/wp-json\/wp\/v2\/product_brand?post=10863"},{"taxonomy":"product_cat","embeddable":true,"href":"https:\/\/www.lecrindargent.mu\/en\/wp-json\/wp\/v2\/product_cat?post=10863"},{"taxonomy":"product_tag","embeddable":true,"href":"https:\/\/www.lecrindargent.mu\/en\/wp-json\/wp\/v2\/product_tag?post=10863"}],"curies":[{"name":"wp","href":"https:\/\/api.w.org\/{rel}","templated":true}]}}