

{"id":11147,"date":"2025-06-02T14:16:57","date_gmt":"2025-06-02T14:16:57","guid":{"rendered":"https:\/\/www.lecrindargent.mu\/?post_type=product&#038;p=11147"},"modified":"2025-09-04T15:13:07","modified_gmt":"2025-09-04T15:13:07","slug":"sydney-2","status":"publish","type":"product","link":"https:\/\/www.lecrindargent.mu\/en\/product\/sydney-2\/","title":{"rendered":"SYDNEY"},"content":{"rendered":"<p>Sydney est un bracelet argent 925, illumin\u00e9 par la blancheur et l&#8217;\u00e9clat de 7 maillons en nacre. Chacun d&#8217;eux est sublim\u00e9 par une cabochon de grenat fix\u00e9 par un \u00e9l\u00e9gant serti clos. Son syst\u00e8me d&#8217;attache est renforc\u00e9 par 2 attaches en huit pour une totale s\u00e9curit\u00e9.<\/p>\n<p>Tout en d\u00e9licatesse et en finesse, ce bracelet saura illuminer votre poignet au quotidien.<\/p>\n<p>Longueur : 18 cm.<\/p>\n<p>&nbsp;<\/p>","protected":false},"excerpt":{"rendered":"<p>Sydney is a refined 925 sterling silver bracelet, glowing with the radiant purity of seven mother-of-pearl links. Each is crowned with a garnet cabochon, delicately secured in a sleek bezel setting. Designed for both elegance and confidence, its fastening is reinforced with dual safety clasps to ensure perfect security. \u2728<\/p>\n<p>Tout en d\u00e9licatesse et en finesse, ce bracelet saura illuminer votre poignet au quotidien.<\/p>\n<p>Longueur : 18 cm.<\/p>\n<p>&nbsp;<\/p>","protected":false},"featured_media":11148,"template":"","meta":{"_monsterinsights_skip_tracking":false,"_monsterinsights_sitenote_active":false,"_monsterinsights_sitenote_note":"","_monsterinsights_sitenote_category":0},"product_brand":[],"product_cat":[32],"product_tag":[],"class_list":{"0":"post-11147","1":"product","2":"type-product","3":"status-publish","4":"has-post-thumbnail","6":"product_cat-bracelets","7":"nt-post-class","8":"","14":"first","15":"instock","16":"taxable","17":"shipping-taxable","18":"purchasable","19":"product-type-simple"},"_links":{"self":[{"href":"https:\/\/www.lecrindargent.mu\/en\/wp-json\/wp\/v2\/product\/11147","targetHints":{"allow":["GET"]}}],"collection":[{"href":"https:\/\/www.lecrindargent.mu\/en\/wp-json\/wp\/v2\/product"}],"about":[{"href":"https:\/\/www.lecrindargent.mu\/en\/wp-json\/wp\/v2\/types\/product"}],"version-history":[{"count":0,"href":"https:\/\/www.lecrindargent.mu\/en\/wp-json\/wp\/v2\/product\/11147\/revisions"}],"wp:featuredmedia":[{"embeddable":true,"href":"https:\/\/www.lecrindargent.mu\/en\/wp-json\/wp\/v2\/media\/11148"}],"wp:attachment":[{"href":"https:\/\/www.lecrindargent.mu\/en\/wp-json\/wp\/v2\/media?parent=11147"}],"wp:term":[{"taxonomy":"product_brand","embeddable":true,"href":"https:\/\/www.lecrindargent.mu\/en\/wp-json\/wp\/v2\/product_brand?post=11147"},{"taxonomy":"product_cat","embeddable":true,"href":"https:\/\/www.lecrindargent.mu\/en\/wp-json\/wp\/v2\/product_cat?post=11147"},{"taxonomy":"product_tag","embeddable":true,"href":"https:\/\/www.lecrindargent.mu\/en\/wp-json\/wp\/v2\/product_tag?post=11147"}],"curies":[{"name":"wp","href":"https:\/\/api.w.org\/{rel}","templated":true}]}}