

{"id":11149,"date":"2025-06-02T14:39:36","date_gmt":"2025-06-02T14:39:36","guid":{"rendered":"https:\/\/www.lecrindargent.mu\/?post_type=product&#038;p=11149"},"modified":"2026-04-06T10:31:27","modified_gmt":"2026-04-06T10:31:27","slug":"jungle","status":"publish","type":"product","link":"https:\/\/www.lecrindargent.mu\/en\/product\/jungle\/","title":{"rendered":"JUNGLE"},"content":{"rendered":"<p>Laissez-vous s\u00e9duire par l\u2019intensit\u00e9 captivante de ce pendentif unique, o\u00f9 la noblesse des mati\u00e8res rencontre l\u2019\u00e9l\u00e9gance du design.<\/p>\n<p>Son c\u0153ur est une pi\u00e8ce carr\u00e9e de cornaline aux nuances chaleureuses. Chaque facette r\u00e9v\u00e8le un jeu de lumi\u00e8re subtile, sublim\u00e9 par un d\u00e9licat bandeau de marcassites qui en souligne les contours avec finesse, comme une pluie d\u2019\u00e9toiles scintillantes. Une pi\u00e8ce pens\u00e9e pour celles qui recherchent une touche de distinction et de raffinement intemporel.<\/p>\n<p>\u00c0 porter comme un talisman, un bijou de caract\u00e8re qui se fond avec \u00e9l\u00e9gance dans chaque tenue.<\/p>\n<p>Dimensions : 15 mm x 30 mm.<\/p>","protected":false},"excerpt":{"rendered":"<p>Laissez-vous s\u00e9duire par l\u2019\u00e9clat lumineux de ce pendentif unique.<\/p>\n<p>Son c\u0153ur est une pi\u00e8ce carr\u00e9e de cornaline aux nuances chaleureuses. Chaque facette r\u00e9v\u00e8le un jeu de lumi\u00e8re subtile, sublim\u00e9 par un d\u00e9licat pourtour de marcassites qui, comme une pluie d\u2019\u00e9toiles scintillantes, vient ponctuer cette cr\u00e9ation.<\/p>\n<p>\u00c0 porter comme un talisman, un bijou de caract\u00e8re qui se fond avec \u00e9l\u00e9gance dans chaque tenue.<\/p>\n<p>Dimensions : 15 mm x 30 mm.<\/p>","protected":false},"featured_media":11150,"template":"","meta":{"_monsterinsights_skip_tracking":false,"_monsterinsights_sitenote_active":false,"_monsterinsights_sitenote_note":"","_monsterinsights_sitenote_category":0},"product_brand":[],"product_cat":[55],"product_tag":[],"class_list":{"0":"post-11149","1":"product","2":"type-product","3":"status-publish","4":"has-post-thumbnail","6":"product_cat-pendentifs","7":"nt-post-class","8":"","14":"first","15":"instock","16":"taxable","17":"shipping-taxable","18":"purchasable","19":"product-type-simple"},"_links":{"self":[{"href":"https:\/\/www.lecrindargent.mu\/en\/wp-json\/wp\/v2\/product\/11149","targetHints":{"allow":["GET"]}}],"collection":[{"href":"https:\/\/www.lecrindargent.mu\/en\/wp-json\/wp\/v2\/product"}],"about":[{"href":"https:\/\/www.lecrindargent.mu\/en\/wp-json\/wp\/v2\/types\/product"}],"version-history":[{"count":0,"href":"https:\/\/www.lecrindargent.mu\/en\/wp-json\/wp\/v2\/product\/11149\/revisions"}],"wp:featuredmedia":[{"embeddable":true,"href":"https:\/\/www.lecrindargent.mu\/en\/wp-json\/wp\/v2\/media\/11150"}],"wp:attachment":[{"href":"https:\/\/www.lecrindargent.mu\/en\/wp-json\/wp\/v2\/media?parent=11149"}],"wp:term":[{"taxonomy":"product_brand","embeddable":true,"href":"https:\/\/www.lecrindargent.mu\/en\/wp-json\/wp\/v2\/product_brand?post=11149"},{"taxonomy":"product_cat","embeddable":true,"href":"https:\/\/www.lecrindargent.mu\/en\/wp-json\/wp\/v2\/product_cat?post=11149"},{"taxonomy":"product_tag","embeddable":true,"href":"https:\/\/www.lecrindargent.mu\/en\/wp-json\/wp\/v2\/product_tag?post=11149"}],"curies":[{"name":"wp","href":"https:\/\/api.w.org\/{rel}","templated":true}]}}