

{"id":11151,"date":"2025-06-02T14:43:53","date_gmt":"2025-06-02T14:43:53","guid":{"rendered":"https:\/\/www.lecrindargent.mu\/?post_type=product&#038;p=11151"},"modified":"2026-04-06T10:32:21","modified_gmt":"2026-04-06T10:32:21","slug":"gabby","status":"publish","type":"product","link":"https:\/\/www.lecrindargent.mu\/en\/product\/gabby\/","title":{"rendered":"GABBY"},"content":{"rendered":"<p>Belles harmonies pour ce pendentif en argent 925 de forme rectangulaire.<\/p>\n<p>A luminous blue topaz takes centre stage, held in place by four corner prongs and encircled by sparkling marcasite. A delicate frame of black enamel completes the composition, adding depth and refined contrast. \u2728<\/p>\n<p>Vous appr\u00e9cierez la d\u00e9licatesse des d\u00e9tails.<\/p>\n<p>Dimensions: 15 mm.<\/p>","protected":false},"excerpt":{"rendered":"<p>Belles harmonies pour ce pendentif en argent 925 de forme rectangulaire.<\/p>\n<p>A luminous blue topaz takes centre stage, held in place by four corner prongs and encircled by sparkling marcasite. A delicate frame of black enamel completes the composition, adding depth and refined contrast. \u2728<\/p>\n<p>Vous appr\u00e9cierez la d\u00e9licatesse des d\u00e9tails.<\/p>\n<p>Dimensions: 15 mm.<\/p>","protected":false},"featured_media":11152,"template":"","meta":{"_monsterinsights_skip_tracking":false,"_monsterinsights_sitenote_active":false,"_monsterinsights_sitenote_note":"","_monsterinsights_sitenote_category":0},"product_brand":[],"product_cat":[55],"product_tag":[],"class_list":{"0":"post-11151","1":"product","2":"type-product","3":"status-publish","4":"has-post-thumbnail","6":"product_cat-pendentifs","7":"nt-post-class","8":"","14":"first","15":"instock","16":"taxable","17":"shipping-taxable","18":"purchasable","19":"product-type-simple"},"_links":{"self":[{"href":"https:\/\/www.lecrindargent.mu\/en\/wp-json\/wp\/v2\/product\/11151","targetHints":{"allow":["GET"]}}],"collection":[{"href":"https:\/\/www.lecrindargent.mu\/en\/wp-json\/wp\/v2\/product"}],"about":[{"href":"https:\/\/www.lecrindargent.mu\/en\/wp-json\/wp\/v2\/types\/product"}],"version-history":[{"count":0,"href":"https:\/\/www.lecrindargent.mu\/en\/wp-json\/wp\/v2\/product\/11151\/revisions"}],"wp:featuredmedia":[{"embeddable":true,"href":"https:\/\/www.lecrindargent.mu\/en\/wp-json\/wp\/v2\/media\/11152"}],"wp:attachment":[{"href":"https:\/\/www.lecrindargent.mu\/en\/wp-json\/wp\/v2\/media?parent=11151"}],"wp:term":[{"taxonomy":"product_brand","embeddable":true,"href":"https:\/\/www.lecrindargent.mu\/en\/wp-json\/wp\/v2\/product_brand?post=11151"},{"taxonomy":"product_cat","embeddable":true,"href":"https:\/\/www.lecrindargent.mu\/en\/wp-json\/wp\/v2\/product_cat?post=11151"},{"taxonomy":"product_tag","embeddable":true,"href":"https:\/\/www.lecrindargent.mu\/en\/wp-json\/wp\/v2\/product_tag?post=11151"}],"curies":[{"name":"wp","href":"https:\/\/api.w.org\/{rel}","templated":true}]}}