

{"id":11153,"date":"2025-06-02T14:51:20","date_gmt":"2025-06-02T14:51:20","guid":{"rendered":"https:\/\/www.lecrindargent.mu\/?post_type=product&#038;p=11153"},"modified":"2026-04-06T10:39:40","modified_gmt":"2026-04-06T10:39:40","slug":"cristina","status":"publish","type":"product","link":"https:\/\/www.lecrindargent.mu\/en\/product\/cristina\/","title":{"rendered":"CRISTINA"},"content":{"rendered":"<p>Ce magnifique pendentif &#8220;cassolette&#8221;, m\u00e9daillon porte-photo qui s&#8217;ouvre gr\u00e2ce \u00e0 une petite charni\u00e8re permettant d&#8217;ins\u00e9rer une ou deux images de personnes ch\u00e8res, ou une m\u00e8che de cheveux pr\u00e9cieuse, est orn\u00e9 en son centre d&#8217;un lumineux cabochon de cornaline.<\/p>\n<p>Ses motifs ajour\u00e9s sont sertis de fines marcassites pour un rendu tout en l\u00e9g\u00e8ret\u00e9.<\/p>\n<p>Ce bijou en argent 925 est port\u00e9 id\u00e9alement sur une cha\u00eene longue.<\/p>\n<p>Dimensions totales : 20 mm x 30 mm.<\/p>","protected":false},"excerpt":{"rendered":"<p>Ce magnifique pendentif &#8220;cassolette&#8221;, m\u00e9daillon porte-photo qui s&#8217;ouvre gr\u00e2ce \u00e0 une petite charni\u00e8re, est orn\u00e9 en son centre d&#8217;un lumineux cabochon de cornaline. Ses motifs ajour\u00e9s sont sertis de fines marcassites pour un rendu tout en l\u00e9g\u00e8ret\u00e9.<\/p>\n<p>Ce bijou en argent 925 est port\u00e9 id\u00e9alement sur une cha\u00eene longue.<\/p>\n<p>Dimensions totales : 20 mm x 30 mm.<\/p>","protected":false},"featured_media":11154,"template":"","meta":{"_monsterinsights_skip_tracking":false,"_monsterinsights_sitenote_active":false,"_monsterinsights_sitenote_note":"","_monsterinsights_sitenote_category":0},"product_brand":[],"product_cat":[55],"product_tag":[321],"class_list":{"0":"post-11153","1":"product","2":"type-product","3":"status-publish","4":"has-post-thumbnail","6":"product_cat-pendentifs","7":"product_tag-idee-cadeau","8":"nt-post-class","9":"","15":"first","16":"instock","17":"taxable","18":"shipping-taxable","19":"purchasable","20":"product-type-simple"},"_links":{"self":[{"href":"https:\/\/www.lecrindargent.mu\/en\/wp-json\/wp\/v2\/product\/11153","targetHints":{"allow":["GET"]}}],"collection":[{"href":"https:\/\/www.lecrindargent.mu\/en\/wp-json\/wp\/v2\/product"}],"about":[{"href":"https:\/\/www.lecrindargent.mu\/en\/wp-json\/wp\/v2\/types\/product"}],"version-history":[{"count":0,"href":"https:\/\/www.lecrindargent.mu\/en\/wp-json\/wp\/v2\/product\/11153\/revisions"}],"wp:featuredmedia":[{"embeddable":true,"href":"https:\/\/www.lecrindargent.mu\/en\/wp-json\/wp\/v2\/media\/11154"}],"wp:attachment":[{"href":"https:\/\/www.lecrindargent.mu\/en\/wp-json\/wp\/v2\/media?parent=11153"}],"wp:term":[{"taxonomy":"product_brand","embeddable":true,"href":"https:\/\/www.lecrindargent.mu\/en\/wp-json\/wp\/v2\/product_brand?post=11153"},{"taxonomy":"product_cat","embeddable":true,"href":"https:\/\/www.lecrindargent.mu\/en\/wp-json\/wp\/v2\/product_cat?post=11153"},{"taxonomy":"product_tag","embeddable":true,"href":"https:\/\/www.lecrindargent.mu\/en\/wp-json\/wp\/v2\/product_tag?post=11153"}],"curies":[{"name":"wp","href":"https:\/\/api.w.org\/{rel}","templated":true}]}}