

{"id":11158,"date":"2025-06-02T15:27:53","date_gmt":"2025-06-02T15:27:53","guid":{"rendered":"https:\/\/www.lecrindargent.mu\/?post_type=product&#038;p=11158"},"modified":"2026-04-06T08:08:46","modified_gmt":"2026-04-06T08:08:46","slug":"nolia","status":"publish","type":"product","link":"https:\/\/www.lecrindargent.mu\/en\/product\/nolia\/","title":{"rendered":"NOLIA"},"content":{"rendered":"<p>Nolia est un collier plein de charme et d&#8217;\u00e9clat.<\/p>\n<p>Son pendentif en nacre lumineuse se distingue par sa forme \u00e9lanc\u00e9e, et la douceur de ses lignes. Son \u00e9clat est rehauss\u00e9 par la chaine en argent 925, qui contraste d\u00e9licatement avec la gemme. La d\u00e9licatesse des d\u00e9tails et la finesse des marcassites t\u00e9moignent de tout le soin apport\u00e9 aux finitions de ce collier.<\/p>\n<p>En r\u00e9sum\u00e9, ce collier est une valeur s\u00fbre, qui sera aussi facile \u00e0 porter en journ\u00e9e qu&#8217;en soir\u00e9e.<\/p>","protected":false},"excerpt":{"rendered":"<p>Nolia est un collier plein de charme et d&#8217;\u00e9clat.<\/p>\n<p>Son pendentif en nacre lumineuse se distingue par sa forme \u00e9lanc\u00e9e, et la douceur de ses lignes. Son \u00e9clat est rehauss\u00e9 par la chaine en argent 925, qui contraste d\u00e9licatement avec la gemme. La d\u00e9licatesse des d\u00e9tails et la finesse des marcassites t\u00e9moignent de tout le soin apport\u00e9 aux finitions de ce collier.<\/p>\n<p>En r\u00e9sum\u00e9, ce collier est une valeur s\u00fbre, qui sera aussi facile \u00e0 porter en journ\u00e9e qu&#8217;en soir\u00e9e.<\/p>","protected":false},"featured_media":11159,"template":"","meta":{"_monsterinsights_skip_tracking":false,"_monsterinsights_sitenote_active":false,"_monsterinsights_sitenote_note":"","_monsterinsights_sitenote_category":0},"product_brand":[],"product_cat":[41],"product_tag":[],"class_list":{"0":"post-11158","1":"product","2":"type-product","3":"status-publish","4":"has-post-thumbnail","6":"product_cat-colliers","7":"nt-post-class","8":"","14":"first","15":"instock","16":"taxable","17":"shipping-taxable","18":"purchasable","19":"product-type-simple"},"_links":{"self":[{"href":"https:\/\/www.lecrindargent.mu\/en\/wp-json\/wp\/v2\/product\/11158","targetHints":{"allow":["GET"]}}],"collection":[{"href":"https:\/\/www.lecrindargent.mu\/en\/wp-json\/wp\/v2\/product"}],"about":[{"href":"https:\/\/www.lecrindargent.mu\/en\/wp-json\/wp\/v2\/types\/product"}],"version-history":[{"count":0,"href":"https:\/\/www.lecrindargent.mu\/en\/wp-json\/wp\/v2\/product\/11158\/revisions"}],"wp:featuredmedia":[{"embeddable":true,"href":"https:\/\/www.lecrindargent.mu\/en\/wp-json\/wp\/v2\/media\/11159"}],"wp:attachment":[{"href":"https:\/\/www.lecrindargent.mu\/en\/wp-json\/wp\/v2\/media?parent=11158"}],"wp:term":[{"taxonomy":"product_brand","embeddable":true,"href":"https:\/\/www.lecrindargent.mu\/en\/wp-json\/wp\/v2\/product_brand?post=11158"},{"taxonomy":"product_cat","embeddable":true,"href":"https:\/\/www.lecrindargent.mu\/en\/wp-json\/wp\/v2\/product_cat?post=11158"},{"taxonomy":"product_tag","embeddable":true,"href":"https:\/\/www.lecrindargent.mu\/en\/wp-json\/wp\/v2\/product_tag?post=11158"}],"curies":[{"name":"wp","href":"https:\/\/api.w.org\/{rel}","templated":true}]}}