

{"id":11164,"date":"2025-06-02T16:17:34","date_gmt":"2025-06-02T16:17:34","guid":{"rendered":"https:\/\/www.lecrindargent.mu\/?post_type=product&#038;p=11164"},"modified":"2025-09-04T14:46:11","modified_gmt":"2025-09-04T14:46:11","slug":"puma","status":"publish","type":"product","link":"https:\/\/www.lecrindargent.mu\/en\/product\/puma\/","title":{"rendered":"PUMA"},"content":{"rendered":"<p>Beaucoup de charme dans ces boutons de manchette !<\/p>\n<p>Ces \u00e9l\u00e9gants boutons de manchette argent 925, de forme ronde, sont compos\u00e9s de 4 pi\u00e8ces d&#8217;onyx, s\u00e9par\u00e9es par de fines bandes d&#8217;oxydes de zirconium.\u00a0Le noir profond de l&#8217;onyx est ainsi illumin\u00e9 par l&#8217;\u00e9clat des oxydes de zirconium qui forment un motif g\u00e9om\u00e9trique tout en distinction.<\/p>\n<p>Les boutons de manchette sont fermement tenus par un fermoir pivotant.<\/p>\n<p>Diam\u00e8tre : 18 mm.<\/p>","protected":false},"excerpt":{"rendered":"<p>Ces \u00e9l\u00e9gants boutons de manchette argent 925, de forme ronde, sont compos\u00e9s de 4 pi\u00e8ces d&#8217;onyx, s\u00e9par\u00e9es par de fines bandes d&#8217;oxydes de zirconium. Le noir profond de l&#8217;onyx est ainsi illumin\u00e9 par l&#8217;\u00e9clat des oxydes de zirconium qui forment un motif g\u00e9om\u00e9trique tout en distinction.<\/p>\n<p>Les boutons de manchette sont fermement tenus par un fermoir pivotant.<\/p>\n<p>Diam\u00e8tre : 18 mm.<\/p>","protected":false},"featured_media":11165,"template":"","meta":{"_monsterinsights_skip_tracking":false,"_monsterinsights_sitenote_active":false,"_monsterinsights_sitenote_note":"","_monsterinsights_sitenote_category":0},"product_brand":[],"product_cat":[37,71],"product_tag":[],"class_list":{"0":"post-11164","1":"product","2":"type-product","3":"status-publish","4":"has-post-thumbnail","6":"product_cat-cufflinks","7":"product_cat-hommes","8":"nt-post-class","9":"","15":"first","16":"instock","17":"taxable","18":"shipping-taxable","19":"purchasable","20":"product-type-simple"},"_links":{"self":[{"href":"https:\/\/www.lecrindargent.mu\/en\/wp-json\/wp\/v2\/product\/11164","targetHints":{"allow":["GET"]}}],"collection":[{"href":"https:\/\/www.lecrindargent.mu\/en\/wp-json\/wp\/v2\/product"}],"about":[{"href":"https:\/\/www.lecrindargent.mu\/en\/wp-json\/wp\/v2\/types\/product"}],"version-history":[{"count":0,"href":"https:\/\/www.lecrindargent.mu\/en\/wp-json\/wp\/v2\/product\/11164\/revisions"}],"wp:featuredmedia":[{"embeddable":true,"href":"https:\/\/www.lecrindargent.mu\/en\/wp-json\/wp\/v2\/media\/11165"}],"wp:attachment":[{"href":"https:\/\/www.lecrindargent.mu\/en\/wp-json\/wp\/v2\/media?parent=11164"}],"wp:term":[{"taxonomy":"product_brand","embeddable":true,"href":"https:\/\/www.lecrindargent.mu\/en\/wp-json\/wp\/v2\/product_brand?post=11164"},{"taxonomy":"product_cat","embeddable":true,"href":"https:\/\/www.lecrindargent.mu\/en\/wp-json\/wp\/v2\/product_cat?post=11164"},{"taxonomy":"product_tag","embeddable":true,"href":"https:\/\/www.lecrindargent.mu\/en\/wp-json\/wp\/v2\/product_tag?post=11164"}],"curies":[{"name":"wp","href":"https:\/\/api.w.org\/{rel}","templated":true}]}}