

{"id":11323,"date":"2025-06-12T12:14:53","date_gmt":"2025-06-12T12:14:53","guid":{"rendered":"https:\/\/www.lecrindargent.mu\/?post_type=product&#038;p=11323"},"modified":"2025-09-04T14:30:10","modified_gmt":"2025-09-04T14:30:10","slug":"chaine-de-cou-60-cm","status":"publish","type":"product","link":"https:\/\/www.lecrindargent.mu\/en\/product\/chaine-de-cou-60-cm\/","title":{"rendered":"CHAINE DE COU 60 CM"},"content":{"rendered":"<p>Afin de mettre en valeur vos pendentifs, nous vous proposons cette cha\u00eene argent 925, d&#8217;une longueur de 60 cm, auxquels s&#8217;ajoutent 5 cm de chainette de rallonge suppl\u00e9mentaires. Sa maille chemin de fer lui apporte originalit\u00e9 et distinction.<\/p>\n<p>Dimensions : 600 mm (+ 50 mm de cha\u00eenette d&#8217;extension).<\/p>","protected":false},"excerpt":{"rendered":"<p>Afin de mettre en valeur vos pendentifs, nous vous proposons cette cha\u00eene argent 925, d&#8217;une longueur de 60 cm, auxquels s&#8217;ajoutent 5 cm de chainette de rallonge suppl\u00e9mentaires. Sa maille chemin de fer lui apporte originalit\u00e9 et distinction.<\/p>\n<p>Dimensions : 600 mm (+ 50 mm de cha\u00eenette d&#8217;extension).<\/p>","protected":false},"featured_media":11374,"template":"","meta":{"_monsterinsights_skip_tracking":false,"_monsterinsights_sitenote_active":false,"_monsterinsights_sitenote_note":"","_monsterinsights_sitenote_category":0},"product_brand":[],"product_cat":[125],"product_tag":[],"class_list":{"0":"post-11323","1":"product","2":"type-product","3":"status-publish","4":"has-post-thumbnail","6":"product_cat-accessoires","7":"nt-post-class","8":"","14":"first","15":"instock","16":"taxable","17":"shipping-taxable","18":"purchasable","19":"product-type-simple"},"_links":{"self":[{"href":"https:\/\/www.lecrindargent.mu\/en\/wp-json\/wp\/v2\/product\/11323","targetHints":{"allow":["GET"]}}],"collection":[{"href":"https:\/\/www.lecrindargent.mu\/en\/wp-json\/wp\/v2\/product"}],"about":[{"href":"https:\/\/www.lecrindargent.mu\/en\/wp-json\/wp\/v2\/types\/product"}],"version-history":[{"count":0,"href":"https:\/\/www.lecrindargent.mu\/en\/wp-json\/wp\/v2\/product\/11323\/revisions"}],"wp:featuredmedia":[{"embeddable":true,"href":"https:\/\/www.lecrindargent.mu\/en\/wp-json\/wp\/v2\/media\/11374"}],"wp:attachment":[{"href":"https:\/\/www.lecrindargent.mu\/en\/wp-json\/wp\/v2\/media?parent=11323"}],"wp:term":[{"taxonomy":"product_brand","embeddable":true,"href":"https:\/\/www.lecrindargent.mu\/en\/wp-json\/wp\/v2\/product_brand?post=11323"},{"taxonomy":"product_cat","embeddable":true,"href":"https:\/\/www.lecrindargent.mu\/en\/wp-json\/wp\/v2\/product_cat?post=11323"},{"taxonomy":"product_tag","embeddable":true,"href":"https:\/\/www.lecrindargent.mu\/en\/wp-json\/wp\/v2\/product_tag?post=11323"}],"curies":[{"name":"wp","href":"https:\/\/api.w.org\/{rel}","templated":true}]}}