

{"id":11329,"date":"2025-06-16T08:33:03","date_gmt":"2025-06-16T08:33:03","guid":{"rendered":"https:\/\/www.lecrindargent.mu\/?post_type=product&#038;p=11329"},"modified":"2026-01-23T08:14:20","modified_gmt":"2026-01-23T08:14:20","slug":"corydalis","status":"publish","type":"product","link":"https:\/\/www.lecrindargent.mu\/en\/product\/corydalis\/","title":{"rendered":"CORYDALIS"},"content":{"rendered":"<p>Cet \u00e9l\u00e9gant bracelet saura enjoliver toutes vos toilettes.<\/p>\n<p>Il alterne les croisillons en argent avec des maillons finement orn\u00e9s de marcassites.<\/p>\n<p>Mi-classique, mi-contemporain, son design original pourra \u00e9galement \u00eatre associ\u00e9 tr\u00e8s facilement avec tous vos bijoux.<\/p>\n<p>Longueur : 20 cm.<\/p>","protected":false},"excerpt":{"rendered":"<p>Cet \u00e9l\u00e9gant bracelet saura enjoliver toutes vos toilettes. Il alterne les croisillons en argent avec des maillons finement orn\u00e9s de marcassites.<\/p>\n<p>Mi-classique, mi-contemporain, son design original pourra \u00e9galement \u00eatre associ\u00e9 tr\u00e8s facilement avec tous vos bijoux.<\/p>\n<p>Longueur : 20 cm.<\/p>","protected":false},"featured_media":11354,"template":"","meta":{"_monsterinsights_skip_tracking":false,"_monsterinsights_sitenote_active":false,"_monsterinsights_sitenote_note":"","_monsterinsights_sitenote_category":0},"product_brand":[],"product_cat":[32,72],"product_tag":[],"class_list":{"0":"post-11329","1":"product","2":"type-product","3":"status-publish","4":"has-post-thumbnail","6":"product_cat-bracelets","7":"product_cat-women","8":"nt-post-class","9":"","15":"first","16":"instock","17":"taxable","18":"shipping-taxable","19":"purchasable","20":"product-type-simple"},"_links":{"self":[{"href":"https:\/\/www.lecrindargent.mu\/en\/wp-json\/wp\/v2\/product\/11329","targetHints":{"allow":["GET"]}}],"collection":[{"href":"https:\/\/www.lecrindargent.mu\/en\/wp-json\/wp\/v2\/product"}],"about":[{"href":"https:\/\/www.lecrindargent.mu\/en\/wp-json\/wp\/v2\/types\/product"}],"version-history":[{"count":0,"href":"https:\/\/www.lecrindargent.mu\/en\/wp-json\/wp\/v2\/product\/11329\/revisions"}],"wp:featuredmedia":[{"embeddable":true,"href":"https:\/\/www.lecrindargent.mu\/en\/wp-json\/wp\/v2\/media\/11354"}],"wp:attachment":[{"href":"https:\/\/www.lecrindargent.mu\/en\/wp-json\/wp\/v2\/media?parent=11329"}],"wp:term":[{"taxonomy":"product_brand","embeddable":true,"href":"https:\/\/www.lecrindargent.mu\/en\/wp-json\/wp\/v2\/product_brand?post=11329"},{"taxonomy":"product_cat","embeddable":true,"href":"https:\/\/www.lecrindargent.mu\/en\/wp-json\/wp\/v2\/product_cat?post=11329"},{"taxonomy":"product_tag","embeddable":true,"href":"https:\/\/www.lecrindargent.mu\/en\/wp-json\/wp\/v2\/product_tag?post=11329"}],"curies":[{"name":"wp","href":"https:\/\/api.w.org\/{rel}","templated":true}]}}