

{"id":11674,"date":"2026-04-12T14:59:42","date_gmt":"2026-04-12T14:59:42","guid":{"rendered":"https:\/\/www.lecrindargent.mu\/?post_type=product&#038;p=11674"},"modified":"2026-04-13T08:22:23","modified_gmt":"2026-04-13T08:22:23","slug":"sixtine","status":"publish","type":"product","link":"https:\/\/www.lecrindargent.mu\/en\/product\/sixtine\/","title":{"rendered":"SIXTINE &#8211; Bleu d&#8217;opale"},"content":{"rendered":"<p>La sublime bague Sixtine arbore ses plus belles opales pour vous combler.<\/p>\n<p>Iris\u00e9es principalement de bleu et vert, ses magnifiques opales illuminent un jeu scintillant de fines marcassites. Tout en \u00e9l\u00e9gance et raffinement, la bague Sixtine reprend les codes r\u00e9tro mais avec un aplomb r\u00e9solument tendance.<\/p>\n<p>Sixtine est la touche s\u00e9duction qui rehaussera toutes vos tenues : des plus d\u00e9contract\u00e9es au plus glamours.<\/p>\n<p>Dimensions totales : 15 mm x 30 mm.<\/p>","protected":false},"excerpt":{"rendered":"<p>La sublime bague Sixtine arbore ses plus belles opales pour vous combler.<\/p>\n<p>Iris\u00e9es principalement de bleu et vert, ses magnifiques opales illuminent un jeu scintillant de fines marcassites. Tout en \u00e9l\u00e9gance et raffinement, la bague Sixtine reprend les codes r\u00e9tro mais avec un aplomb r\u00e9solument tendance.<\/p>\n<p>Sixtine est la touche s\u00e9duction qui rehaussera toutes vos tenues : des plus d\u00e9contract\u00e9es au plus glamours.<\/p>\n<p>&nbsp;<\/p>","protected":false},"featured_media":11675,"template":"","meta":{"_monsterinsights_skip_tracking":false,"_monsterinsights_sitenote_active":false,"_monsterinsights_sitenote_note":"","_monsterinsights_sitenote_category":0},"product_brand":[],"product_cat":[50,46,72],"product_tag":[],"class_list":{"0":"post-11674","1":"product","2":"type-product","3":"status-publish","4":"has-post-thumbnail","6":"product_cat-bagues-argent","7":"product_cat-bagues","8":"product_cat-women","9":"nt-post-class","10":"","16":"first","17":"instock","18":"taxable","19":"shipping-taxable","20":"purchasable","21":"product-type-simple"},"_links":{"self":[{"href":"https:\/\/www.lecrindargent.mu\/en\/wp-json\/wp\/v2\/product\/11674","targetHints":{"allow":["GET"]}}],"collection":[{"href":"https:\/\/www.lecrindargent.mu\/en\/wp-json\/wp\/v2\/product"}],"about":[{"href":"https:\/\/www.lecrindargent.mu\/en\/wp-json\/wp\/v2\/types\/product"}],"version-history":[{"count":0,"href":"https:\/\/www.lecrindargent.mu\/en\/wp-json\/wp\/v2\/product\/11674\/revisions"}],"wp:featuredmedia":[{"embeddable":true,"href":"https:\/\/www.lecrindargent.mu\/en\/wp-json\/wp\/v2\/media\/11675"}],"wp:attachment":[{"href":"https:\/\/www.lecrindargent.mu\/en\/wp-json\/wp\/v2\/media?parent=11674"}],"wp:term":[{"taxonomy":"product_brand","embeddable":true,"href":"https:\/\/www.lecrindargent.mu\/en\/wp-json\/wp\/v2\/product_brand?post=11674"},{"taxonomy":"product_cat","embeddable":true,"href":"https:\/\/www.lecrindargent.mu\/en\/wp-json\/wp\/v2\/product_cat?post=11674"},{"taxonomy":"product_tag","embeddable":true,"href":"https:\/\/www.lecrindargent.mu\/en\/wp-json\/wp\/v2\/product_tag?post=11674"}],"curies":[{"name":"wp","href":"https:\/\/api.w.org\/{rel}","templated":true}]}}