

{"id":11682,"date":"2026-04-13T07:23:28","date_gmt":"2026-04-13T07:23:28","guid":{"rendered":"https:\/\/www.lecrindargent.mu\/?post_type=product&#038;p=11682"},"modified":"2026-04-13T08:20:53","modified_gmt":"2026-04-13T08:20:53","slug":"miraline-lenvol-des-perles-de-culture","status":"publish","type":"product","link":"https:\/\/www.lecrindargent.mu\/en\/product\/miraline-lenvol-des-perles-de-culture\/","title":{"rendered":"MIRALINE &#8211; L&#8217;envol des perles de culture"},"content":{"rendered":"<p>Laissez-vous s\u00e9duire par la gr\u00e2ce a\u00e9rienne de cette bague en argent 925 milli\u00e8me.<\/p>\n<p>Quatre perles de culture, \u00e0 la blancheur nacr\u00e9e, s\u2019\u00e9panouissent avec gr\u00e2ce. Leur \u00e9clat d\u00e9licat \u00e9voque la puret\u00e9 et la f\u00e9minit\u00e9 intemporelle. La monture raffin\u00e9e, l\u00e9g\u00e8re et \u00e9l\u00e9gante, rappelle le vol gracieux d\u2019un papillon. Chaque d\u00e9tail est pens\u00e9 pour sublimer vos gestes avec po\u00e9sie. Un bijou qui allie savoir-faire artisanal et charme naturel. Parfait pour illuminer vos tenues, du quotidien aux moments pr\u00e9cieux.<\/p>\n<p>Offrez-vous la douceur d\u2019un bijou unique, empreint de d\u00e9licatesse, un tr\u00e9sor \u00e0 la fois moderne et \u00e9ternel, \u00e0 garder pr\u00e8s de soi.<\/p>","protected":false},"excerpt":{"rendered":"<p>Laissez-vous s\u00e9duire par la gr\u00e2ce a\u00e9rienne de cette bague en argent 925 milli\u00e8me.<\/p>\n<p>Quatre perles de culture, \u00e0 la blancheur nacr\u00e9e, s\u2019\u00e9panouissent avec \u00e9clat. Leur \u00e9clat d\u00e9licat \u00e9voque la puret\u00e9 et la f\u00e9minit\u00e9 intemporelle. La monture raffin\u00e9e, l\u00e9g\u00e8re et \u00e9l\u00e9gante, rappelle le vol gracieux d\u2019un papillon. Chaque d\u00e9tail est pens\u00e9 pour sublimer vos gestes avec po\u00e9sie. Un bijou qui allie savoir-faire artisanal et charme naturel. Parfait pour illuminer vos tenues, du quotidien aux moments pr\u00e9cieux. Un symbole de l\u00e9g\u00e8ret\u00e9 et de raffinement \u00e0 porter en toute occasion.<\/p>\n<p>Un tr\u00e9sor \u00e0 la fois moderne et \u00e9ternel, \u00e0 garder pr\u00e8s de soi.<\/p>","protected":false},"featured_media":11683,"template":"","meta":{"_monsterinsights_skip_tracking":false,"_monsterinsights_sitenote_active":false,"_monsterinsights_sitenote_note":"","_monsterinsights_sitenote_category":0},"product_brand":[],"product_cat":[50,46,72],"product_tag":[],"class_list":{"0":"post-11682","1":"product","2":"type-product","3":"status-publish","4":"has-post-thumbnail","6":"product_cat-bagues-argent","7":"product_cat-bagues","8":"product_cat-women","9":"nt-post-class","10":"","16":"first","17":"instock","18":"taxable","19":"shipping-taxable","20":"purchasable","21":"product-type-simple"},"_links":{"self":[{"href":"https:\/\/www.lecrindargent.mu\/en\/wp-json\/wp\/v2\/product\/11682","targetHints":{"allow":["GET"]}}],"collection":[{"href":"https:\/\/www.lecrindargent.mu\/en\/wp-json\/wp\/v2\/product"}],"about":[{"href":"https:\/\/www.lecrindargent.mu\/en\/wp-json\/wp\/v2\/types\/product"}],"version-history":[{"count":0,"href":"https:\/\/www.lecrindargent.mu\/en\/wp-json\/wp\/v2\/product\/11682\/revisions"}],"wp:featuredmedia":[{"embeddable":true,"href":"https:\/\/www.lecrindargent.mu\/en\/wp-json\/wp\/v2\/media\/11683"}],"wp:attachment":[{"href":"https:\/\/www.lecrindargent.mu\/en\/wp-json\/wp\/v2\/media?parent=11682"}],"wp:term":[{"taxonomy":"product_brand","embeddable":true,"href":"https:\/\/www.lecrindargent.mu\/en\/wp-json\/wp\/v2\/product_brand?post=11682"},{"taxonomy":"product_cat","embeddable":true,"href":"https:\/\/www.lecrindargent.mu\/en\/wp-json\/wp\/v2\/product_cat?post=11682"},{"taxonomy":"product_tag","embeddable":true,"href":"https:\/\/www.lecrindargent.mu\/en\/wp-json\/wp\/v2\/product_tag?post=11682"}],"curies":[{"name":"wp","href":"https:\/\/api.w.org\/{rel}","templated":true}]}}