

{"id":11698,"date":"2026-04-13T09:41:53","date_gmt":"2026-04-13T09:41:53","guid":{"rendered":"https:\/\/www.lecrindargent.mu\/?post_type=product&#038;p=11698"},"modified":"2026-04-13T09:45:05","modified_gmt":"2026-04-13T09:45:05","slug":"happy-topaze-bleue-et-or-rose","status":"publish","type":"product","link":"https:\/\/www.lecrindargent.mu\/en\/product\/happy-topaze-bleue-et-or-rose\/","title":{"rendered":"HAPPY &#8211; TOPAZE BLEUE ET OR ROSE"},"content":{"rendered":"<p>Symbole de raffinement et de f\u00e9minit\u00e9, cette bague marie avec gr\u00e2ce la douceur de l\u2019or rose au charme \u00e9clatant de la topaze bleue.<\/p>\n<p>La pierre, taill\u00e9e en rectangle et sertie clos, capte la lumi\u00e8re avec intensit\u00e9 et \u00e9voque la puret\u00e9 des eaux cristallines. Son contour d\u2019\u00e9maillage blanc apporte une touche de d\u00e9licatesse, mettant en valeur l\u2019\u00e9clat lumineux de la gemme.\u00a0L\u2019anneau, int\u00e9gralement plaqu\u00e9 or rose, enveloppe le doigt d\u2019une chaleur subtile et contemporaine. Ce bijou est une invitation \u00e0 la distinction\u202f: il se porte aussi bien au quotidien qu\u2019en soir\u00e9e, et devient rapidement une pi\u00e8ce ma\u00eetresse de votre collection.<\/p>\n<ul>\n<li><strong>Un design intemporel<\/strong> qui allie modernit\u00e9 et \u00e9l\u00e9gance<\/li>\n<li><strong>Une topaze bleue lumineuse<\/strong>, symbole de s\u00e9r\u00e9nit\u00e9 et de clart\u00e9<\/li>\n<li><strong>Un contraste raffin\u00e9<\/strong> gr\u00e2ce \u00e0 l\u2019\u00e9mail blanc qui souligne la pierre<\/li>\n<li><strong>Un anneau en or rose<\/strong> pour une touche romantique et tendance<\/li>\n<\/ul>\n<div><\/div>","protected":false},"excerpt":{"rendered":"<p>Symbole de raffinement et de f\u00e9minit\u00e9, cette bague marie avec gr\u00e2ce la douceur de l\u2019or rose au charme \u00e9clatant de la topaze bleue.<\/p>\n<p>La pierre, taill\u00e9e en rectangle et sertie clos, capte la lumi\u00e8re avec intensit\u00e9 et \u00e9voque la puret\u00e9 des eaux cristallines. Son contour d\u2019\u00e9maillage blanc apporte une touche de d\u00e9licatesse, mettant en valeur l\u2019\u00e9clat lumineux de la gemme.\u00a0L\u2019anneau, int\u00e9gralement plaqu\u00e9 or rose, enveloppe le doigt d\u2019une chaleur subtile et contemporaine.<\/p>\n<p>Ce bijou est une invitation \u00e0 la distinction\u202f: il se porte aussi bien au quotidien qu\u2019en soir\u00e9e, et devient rapidement une pi\u00e8ce ma\u00eetresse de votre collection.<\/p>","protected":false},"featured_media":11699,"template":"","meta":{"_monsterinsights_skip_tracking":false,"_monsterinsights_sitenote_active":false,"_monsterinsights_sitenote_note":"","_monsterinsights_sitenote_category":0},"product_brand":[],"product_cat":[50,46,72],"product_tag":[],"class_list":{"0":"post-11698","1":"product","2":"type-product","3":"status-publish","4":"has-post-thumbnail","6":"product_cat-bagues-argent","7":"product_cat-bagues","8":"product_cat-women","9":"nt-post-class","10":"","16":"first","17":"instock","18":"taxable","19":"shipping-taxable","20":"purchasable","21":"product-type-simple"},"_links":{"self":[{"href":"https:\/\/www.lecrindargent.mu\/en\/wp-json\/wp\/v2\/product\/11698","targetHints":{"allow":["GET"]}}],"collection":[{"href":"https:\/\/www.lecrindargent.mu\/en\/wp-json\/wp\/v2\/product"}],"about":[{"href":"https:\/\/www.lecrindargent.mu\/en\/wp-json\/wp\/v2\/types\/product"}],"version-history":[{"count":0,"href":"https:\/\/www.lecrindargent.mu\/en\/wp-json\/wp\/v2\/product\/11698\/revisions"}],"wp:featuredmedia":[{"embeddable":true,"href":"https:\/\/www.lecrindargent.mu\/en\/wp-json\/wp\/v2\/media\/11699"}],"wp:attachment":[{"href":"https:\/\/www.lecrindargent.mu\/en\/wp-json\/wp\/v2\/media?parent=11698"}],"wp:term":[{"taxonomy":"product_brand","embeddable":true,"href":"https:\/\/www.lecrindargent.mu\/en\/wp-json\/wp\/v2\/product_brand?post=11698"},{"taxonomy":"product_cat","embeddable":true,"href":"https:\/\/www.lecrindargent.mu\/en\/wp-json\/wp\/v2\/product_cat?post=11698"},{"taxonomy":"product_tag","embeddable":true,"href":"https:\/\/www.lecrindargent.mu\/en\/wp-json\/wp\/v2\/product_tag?post=11698"}],"curies":[{"name":"wp","href":"https:\/\/api.w.org\/{rel}","templated":true}]}}