

{"id":1518,"date":"2021-12-05T09:16:39","date_gmt":"2021-12-05T09:16:39","guid":{"rendered":"https:\/\/ninetheme.com\/themes\/goldsmith\/?post_type=product&#038;p=1518"},"modified":"2026-04-04T08:45:02","modified_gmt":"2026-04-04T08:45:02","slug":"feerie","status":"publish","type":"product","link":"https:\/\/www.lecrindargent.mu\/en\/product\/feerie\/","title":{"rendered":"FEERIE"},"content":{"rendered":"<p>Laissez-vous envo\u00fbter par la beaut\u00e9 raffin\u00e9e de ce solitaire en Argent 925, o\u00f9 la d\u00e9licatesse du m\u00e9tal pr\u00e9cieux sublime l\u2019\u00e9clat lumineux d\u2019une myst\u00e9rieuse opale.<\/p>\n<p>Taill\u00e9e pour capturer la lumi\u00e8re et r\u00e9v\u00e9ler toute sa profondeur, cette pierre pr\u00e9cieuse aux nuances iris\u00e9es \u00e9voque la s\u00e9r\u00e9nit\u00e9 et le voyage. Mont\u00e9e sur une bague finement travaill\u00e9e, orn\u00e9e de d\u00e9tails subtils et d\u2019un jeu de textures sophistiqu\u00e9, cette cr\u00e9ation originale conjugue artisanat d\u2019exception et \u00e9l\u00e9gance intemporelle.<\/p>\n<p>Un bijou unique, symbole de raffinement et d\u2019harmonie, parfait pour celles qui aiment les pi\u00e8ces pr\u00e9cieuses et d\u00e9licates.<\/p>\n<p>Diam\u00e8tre : 5 mm.<\/p>","protected":false},"excerpt":{"rendered":"<p>Laissez-vous envo\u00fbter par la beaut\u00e9 raffin\u00e9e de ce solitaire en Argent 925, o\u00f9 la d\u00e9licatesse du m\u00e9tal pr\u00e9cieux sublime l\u2019\u00e9clat lumineux d\u2019une myst\u00e9rieuse opale.<\/p>\n<p>Taill\u00e9e pour capturer la lumi\u00e8re et r\u00e9v\u00e9ler toute sa profondeur, cette pierre pr\u00e9cieuse aux nuances iris\u00e9es \u00e9voque la s\u00e9r\u00e9nit\u00e9 et le voyage. Mont\u00e9e sur une bague finement travaill\u00e9e, orn\u00e9e de d\u00e9tails subtils et d\u2019un jeu de textures sophistiqu\u00e9, cette cr\u00e9ation originale conjugue artisanat d\u2019exception et \u00e9l\u00e9gance intemporelle.<\/p>\n<p>Un bijou unique, symbole de raffinement et d\u2019harmonie, parfait pour celles qui aiment les pi\u00e8ces pr\u00e9cieuses et d\u00e9licates.<\/p>\n<p>Diam\u00e8tre de l&#8217;opale : 5 mm.<\/p>","protected":false},"featured_media":10850,"template":"","meta":{"_monsterinsights_skip_tracking":false,"_monsterinsights_sitenote_active":false,"_monsterinsights_sitenote_note":"","_monsterinsights_sitenote_category":0},"product_brand":[],"product_cat":[50,461],"product_tag":[51,27],"class_list":{"0":"post-1518","1":"product","2":"type-product","3":"status-publish","4":"has-post-thumbnail","6":"product_cat-bagues-argent","7":"product_cat-trendy","8":"product_tag-tendance","9":"product_tag-unique","10":"nt-post-class","11":"","17":"first","18":"instock","19":"taxable","20":"shipping-taxable","21":"purchasable","22":"product-type-simple"},"_links":{"self":[{"href":"https:\/\/www.lecrindargent.mu\/en\/wp-json\/wp\/v2\/product\/1518","targetHints":{"allow":["GET"]}}],"collection":[{"href":"https:\/\/www.lecrindargent.mu\/en\/wp-json\/wp\/v2\/product"}],"about":[{"href":"https:\/\/www.lecrindargent.mu\/en\/wp-json\/wp\/v2\/types\/product"}],"version-history":[{"count":0,"href":"https:\/\/www.lecrindargent.mu\/en\/wp-json\/wp\/v2\/product\/1518\/revisions"}],"wp:featuredmedia":[{"embeddable":true,"href":"https:\/\/www.lecrindargent.mu\/en\/wp-json\/wp\/v2\/media\/10850"}],"wp:attachment":[{"href":"https:\/\/www.lecrindargent.mu\/en\/wp-json\/wp\/v2\/media?parent=1518"}],"wp:term":[{"taxonomy":"product_brand","embeddable":true,"href":"https:\/\/www.lecrindargent.mu\/en\/wp-json\/wp\/v2\/product_brand?post=1518"},{"taxonomy":"product_cat","embeddable":true,"href":"https:\/\/www.lecrindargent.mu\/en\/wp-json\/wp\/v2\/product_cat?post=1518"},{"taxonomy":"product_tag","embeddable":true,"href":"https:\/\/www.lecrindargent.mu\/en\/wp-json\/wp\/v2\/product_tag?post=1518"}],"curies":[{"name":"wp","href":"https:\/\/api.w.org\/{rel}","templated":true}]}}