

{"id":1523,"date":"2021-12-05T09:25:53","date_gmt":"2021-12-05T09:25:53","guid":{"rendered":"https:\/\/ninetheme.com\/themes\/goldsmith\/?post_type=product&#038;p=1523"},"modified":"2026-04-04T09:25:24","modified_gmt":"2026-04-04T09:25:24","slug":"berenice","status":"publish","type":"product","link":"https:\/\/www.lecrindargent.mu\/en\/product\/berenice\/","title":{"rendered":"B\u00c9R\u00c9NICE"},"content":{"rendered":"<p>Lumineuses boucles d&#8217;oreille aux couleurs \u00e9clatantes.<\/p>\n<p>Les jeux des couleurs de la cornaline et de l&#8217;onyx, et des textures des marcassites apportent \u00e0 cette paire de boucles d&#8217;oreille style et temp\u00e9rament.<\/p>\n<p>Longueur : 35 mm.<\/p>","protected":false},"excerpt":{"rendered":"<p>Lumineuses boucles d&#8217;oreille aux couleurs \u00e9clatantes.<\/p>\n<p>Les jeux des couleurs de la cornaline et de l&#8217;onyx, et des textures des marcassites apportent \u00e0 cette paire de boucles d&#8217;oreille style et temp\u00e9rament.<\/p>\n<p>Longueur : 35 mm.<\/p>","protected":false},"featured_media":9787,"template":"","meta":{"_monsterinsights_skip_tracking":false,"_monsterinsights_sitenote_active":false,"_monsterinsights_sitenote_note":"","_monsterinsights_sitenote_category":0},"product_brand":[],"product_cat":[35,461],"product_tag":[51,27],"class_list":{"0":"post-1523","1":"product","2":"type-product","3":"status-publish","4":"has-post-thumbnail","6":"product_cat-boucles","7":"product_cat-trendy","8":"product_tag-tendance","9":"product_tag-unique","10":"nt-post-class","11":"","17":"first","18":"instock","19":"taxable","20":"shipping-taxable","21":"purchasable","22":"product-type-simple"},"_links":{"self":[{"href":"https:\/\/www.lecrindargent.mu\/en\/wp-json\/wp\/v2\/product\/1523","targetHints":{"allow":["GET"]}}],"collection":[{"href":"https:\/\/www.lecrindargent.mu\/en\/wp-json\/wp\/v2\/product"}],"about":[{"href":"https:\/\/www.lecrindargent.mu\/en\/wp-json\/wp\/v2\/types\/product"}],"version-history":[{"count":0,"href":"https:\/\/www.lecrindargent.mu\/en\/wp-json\/wp\/v2\/product\/1523\/revisions"}],"wp:featuredmedia":[{"embeddable":true,"href":"https:\/\/www.lecrindargent.mu\/en\/wp-json\/wp\/v2\/media\/9787"}],"wp:attachment":[{"href":"https:\/\/www.lecrindargent.mu\/en\/wp-json\/wp\/v2\/media?parent=1523"}],"wp:term":[{"taxonomy":"product_brand","embeddable":true,"href":"https:\/\/www.lecrindargent.mu\/en\/wp-json\/wp\/v2\/product_brand?post=1523"},{"taxonomy":"product_cat","embeddable":true,"href":"https:\/\/www.lecrindargent.mu\/en\/wp-json\/wp\/v2\/product_cat?post=1523"},{"taxonomy":"product_tag","embeddable":true,"href":"https:\/\/www.lecrindargent.mu\/en\/wp-json\/wp\/v2\/product_tag?post=1523"}],"curies":[{"name":"wp","href":"https:\/\/api.w.org\/{rel}","templated":true}]}}