

{"id":1580,"date":"2021-12-06T15:00:46","date_gmt":"2021-12-06T15:00:46","guid":{"rendered":"https:\/\/ninetheme.com\/themes\/goldsmith\/?post_type=product&#038;p=1580"},"modified":"2026-02-28T01:07:47","modified_gmt":"2026-02-28T01:07:47","slug":"exquise","status":"publish","type":"product","link":"https:\/\/www.lecrindargent.mu\/en\/product\/exquise\/","title":{"rendered":"EXQUISE"},"content":{"rendered":"<p>Belles harmonies pour cette bague argent de forme carr\u00e9e. Sa belle gemme en quartz fum\u00e9 est entour\u00e9e de marcassites. Un fin pourtour en \u00e9mail noir rehausse l&#8217;ensemble. Vous appr\u00e9cierez la d\u00e9licatesse des d\u00e9tails.<\/p>\n<p>Dimensions : 12 mm x 10 mm.<\/p>","protected":false},"excerpt":{"rendered":"<p>Belles harmonies pour cette bague argent 925 de forme carr\u00e9e.<\/p>\n<p>Sa belle gemme en quartz fum\u00e9 est entour\u00e9e de marcassites. Un fin pourtour en \u00e9mail noir rehausse l&#8217;ensemble.<\/p>\n<p>Vous appr\u00e9cierez la d\u00e9licatesse des d\u00e9tails.<\/p>\n<p>Dimensions : 12 mm x 10 mm.<\/p>","protected":false},"featured_media":9776,"template":"","meta":{"_monsterinsights_skip_tracking":false,"_monsterinsights_sitenote_active":false,"_monsterinsights_sitenote_note":"","_monsterinsights_sitenote_category":0},"product_brand":[],"product_cat":[50,461],"product_tag":[51,27],"class_list":{"0":"post-1580","1":"product","2":"type-product","3":"status-publish","4":"has-post-thumbnail","6":"product_cat-bagues-argent","7":"product_cat-trendy","8":"product_tag-tendance","9":"product_tag-unique","10":"nt-post-class","11":"","17":"first","18":"instock","19":"taxable","20":"shipping-taxable","21":"purchasable","22":"product-type-simple"},"_links":{"self":[{"href":"https:\/\/www.lecrindargent.mu\/en\/wp-json\/wp\/v2\/product\/1580","targetHints":{"allow":["GET"]}}],"collection":[{"href":"https:\/\/www.lecrindargent.mu\/en\/wp-json\/wp\/v2\/product"}],"about":[{"href":"https:\/\/www.lecrindargent.mu\/en\/wp-json\/wp\/v2\/types\/product"}],"version-history":[{"count":0,"href":"https:\/\/www.lecrindargent.mu\/en\/wp-json\/wp\/v2\/product\/1580\/revisions"}],"wp:featuredmedia":[{"embeddable":true,"href":"https:\/\/www.lecrindargent.mu\/en\/wp-json\/wp\/v2\/media\/9776"}],"wp:attachment":[{"href":"https:\/\/www.lecrindargent.mu\/en\/wp-json\/wp\/v2\/media?parent=1580"}],"wp:term":[{"taxonomy":"product_brand","embeddable":true,"href":"https:\/\/www.lecrindargent.mu\/en\/wp-json\/wp\/v2\/product_brand?post=1580"},{"taxonomy":"product_cat","embeddable":true,"href":"https:\/\/www.lecrindargent.mu\/en\/wp-json\/wp\/v2\/product_cat?post=1580"},{"taxonomy":"product_tag","embeddable":true,"href":"https:\/\/www.lecrindargent.mu\/en\/wp-json\/wp\/v2\/product_tag?post=1580"}],"curies":[{"name":"wp","href":"https:\/\/api.w.org\/{rel}","templated":true}]}}