

{"id":9808,"date":"2025-02-11T22:43:34","date_gmt":"2025-02-11T22:43:34","guid":{"rendered":"https:\/\/www.lecrindargent.mu\/?post_type=product&#038;p=9808"},"modified":"2026-04-06T10:43:56","modified_gmt":"2026-04-06T10:43:56","slug":"dakota","status":"publish","type":"product","link":"https:\/\/www.lecrindargent.mu\/en\/product\/dakota\/","title":{"rendered":"DAKOTA"},"content":{"rendered":"<p>Apportez une touche de caract\u00e8re et de style \u00e0 votre quotidien, avec cette bague argent, orn\u00e9e d&#8217;un majestueux \u0153il de tigre rond. L&#8217;anneau, finement marbr\u00e9 sur les c\u00f4t\u00e9s, r\u00e9v\u00e8le de fines bandes de marcassites, apportant une lueur subtile et \u00e9l\u00e9gante \u00e0 la bague.<\/p>\n<p>Dimension de l&#8217;oeil de tigre : 14 mm.<\/p>","protected":false},"excerpt":{"rendered":"<p>Apportez une touche de caract\u00e8re et de style \u00e0 votre quotidien, avec cette bague argent, orn\u00e9e d&#8217;un majestueux \u0153il de tigre rond. L&#8217;anneau, finement marbr\u00e9 sur les c\u00f4t\u00e9s, r\u00e9v\u00e8le de fines bandes de marcassites, apportant une lueur subtile et \u00e9l\u00e9gante \u00e0 la bague.<\/p>\n<p>Dimension de l&#8217;oeil de tigre : 14 mm.<\/p>","protected":false},"featured_media":9809,"template":"","meta":{"_monsterinsights_skip_tracking":false,"_monsterinsights_sitenote_active":false,"_monsterinsights_sitenote_note":"","_monsterinsights_sitenote_category":0},"product_brand":[],"product_cat":[124,71,461],"product_tag":[51,27],"class_list":{"0":"post-9808","1":"product","2":"type-product","3":"status-publish","4":"has-post-thumbnail","6":"product_cat-bagues-hommes","7":"product_cat-hommes","8":"product_cat-trendy","9":"product_tag-tendance","10":"product_tag-unique","11":"nt-post-class","12":"","18":"first","19":"instock","20":"taxable","21":"shipping-taxable","22":"purchasable","23":"product-type-simple"},"_links":{"self":[{"href":"https:\/\/www.lecrindargent.mu\/en\/wp-json\/wp\/v2\/product\/9808","targetHints":{"allow":["GET"]}}],"collection":[{"href":"https:\/\/www.lecrindargent.mu\/en\/wp-json\/wp\/v2\/product"}],"about":[{"href":"https:\/\/www.lecrindargent.mu\/en\/wp-json\/wp\/v2\/types\/product"}],"version-history":[{"count":0,"href":"https:\/\/www.lecrindargent.mu\/en\/wp-json\/wp\/v2\/product\/9808\/revisions"}],"wp:featuredmedia":[{"embeddable":true,"href":"https:\/\/www.lecrindargent.mu\/en\/wp-json\/wp\/v2\/media\/9809"}],"wp:attachment":[{"href":"https:\/\/www.lecrindargent.mu\/en\/wp-json\/wp\/v2\/media?parent=9808"}],"wp:term":[{"taxonomy":"product_brand","embeddable":true,"href":"https:\/\/www.lecrindargent.mu\/en\/wp-json\/wp\/v2\/product_brand?post=9808"},{"taxonomy":"product_cat","embeddable":true,"href":"https:\/\/www.lecrindargent.mu\/en\/wp-json\/wp\/v2\/product_cat?post=9808"},{"taxonomy":"product_tag","embeddable":true,"href":"https:\/\/www.lecrindargent.mu\/en\/wp-json\/wp\/v2\/product_tag?post=9808"}],"curies":[{"name":"wp","href":"https:\/\/api.w.org\/{rel}","templated":true}]}}