

{"id":9822,"date":"2025-02-12T00:00:51","date_gmt":"2025-02-12T00:00:51","guid":{"rendered":"https:\/\/www.lecrindargent.mu\/?post_type=product&#038;p=9822"},"modified":"2026-04-06T10:20:34","modified_gmt":"2026-04-06T10:20:34","slug":"pepita","status":"publish","type":"product","link":"https:\/\/www.lecrindargent.mu\/en\/product\/pepita\/","title":{"rendered":"PEPITA"},"content":{"rendered":"<p>Inspir\u00e9 par l\u2019\u00e9l\u00e9gance g\u00e9om\u00e9trique et les contrastes fascinants, ce pendentif losange capture l\u2019essence d\u2019un charme intemporel.<\/p>\n<p>Centred within its perfectly balanced silhouette, a square green agate embodies both strength and serenity, prized for its natural brilliance and soothing presence. Encircled by a fine halo of shimmering marcasite and framed by meticulously detailed black enamel, the piece reflects exceptional artistry. A striking creation that unites depth, mystery, and refined sophistication. \u2728<\/p>\n<p>Puissance, \u00e9l\u00e9gance, caract\u00e8re\u2026 Laissez votre style rayonner.<\/p>\n<p>Dimensions : 13 mm\u00a0 x 17 mm.<\/p>","protected":false},"excerpt":{"rendered":"<p>Inspir\u00e9 par l\u2019\u00e9l\u00e9gance g\u00e9om\u00e9trique et les contrastes fascinants, ce pendentif losange capture l\u2019essence d\u2019un charme intemporel.<\/p>\n<p>Centred within its perfectly balanced silhouette, a square green agate expresses strength and serenity. Encircled by a fine band of sparkling marcasite and framed with meticulously detailed black enamel, the piece reflects exceptional artistry and refined depth. \u2728<\/p>\n<p>Puissance, \u00e9l\u00e9gance, caract\u00e8re\u2026 Laissez votre style rayonner.<\/p>\n<p>Dimensions : 13 mm x 17 mm.<\/p>","protected":false},"featured_media":9823,"template":"","meta":{"_monsterinsights_skip_tracking":false,"_monsterinsights_sitenote_active":false,"_monsterinsights_sitenote_note":"","_monsterinsights_sitenote_category":0},"product_brand":[],"product_cat":[55],"product_tag":[93],"class_list":{"0":"post-9822","1":"product","2":"type-product","3":"status-publish","4":"has-post-thumbnail","6":"product_cat-pendentifs","7":"product_tag-nouveaute","8":"nt-post-class","9":"","15":"first","16":"instock","17":"taxable","18":"shipping-taxable","19":"purchasable","20":"product-type-simple"},"_links":{"self":[{"href":"https:\/\/www.lecrindargent.mu\/en\/wp-json\/wp\/v2\/product\/9822","targetHints":{"allow":["GET"]}}],"collection":[{"href":"https:\/\/www.lecrindargent.mu\/en\/wp-json\/wp\/v2\/product"}],"about":[{"href":"https:\/\/www.lecrindargent.mu\/en\/wp-json\/wp\/v2\/types\/product"}],"version-history":[{"count":0,"href":"https:\/\/www.lecrindargent.mu\/en\/wp-json\/wp\/v2\/product\/9822\/revisions"}],"wp:featuredmedia":[{"embeddable":true,"href":"https:\/\/www.lecrindargent.mu\/en\/wp-json\/wp\/v2\/media\/9823"}],"wp:attachment":[{"href":"https:\/\/www.lecrindargent.mu\/en\/wp-json\/wp\/v2\/media?parent=9822"}],"wp:term":[{"taxonomy":"product_brand","embeddable":true,"href":"https:\/\/www.lecrindargent.mu\/en\/wp-json\/wp\/v2\/product_brand?post=9822"},{"taxonomy":"product_cat","embeddable":true,"href":"https:\/\/www.lecrindargent.mu\/en\/wp-json\/wp\/v2\/product_cat?post=9822"},{"taxonomy":"product_tag","embeddable":true,"href":"https:\/\/www.lecrindargent.mu\/en\/wp-json\/wp\/v2\/product_tag?post=9822"}],"curies":[{"name":"wp","href":"https:\/\/api.w.org\/{rel}","templated":true}]}}