

{"id":9847,"date":"2025-02-12T13:01:17","date_gmt":"2025-02-12T13:01:17","guid":{"rendered":"https:\/\/www.lecrindargent.mu\/?post_type=product&#038;p=9847"},"modified":"2026-01-23T09:37:45","modified_gmt":"2026-01-23T09:37:45","slug":"eva","status":"publish","type":"product","link":"https:\/\/www.lecrindargent.mu\/en\/product\/eva\/","title":{"rendered":"EVA"},"content":{"rendered":"<p>Ce magnifique pendentif en nacre et marcassites vous comblera par l&#8217;intensit\u00e9 de son \u00e9clat. D&#8217;une grande originalit\u00e9, il illuminera avec beaucoup de facilit\u00e9 toutes vos tenues.<\/p>\n<p>Longueur de la chaine : 41 cm<\/p>\n<p>Diam\u00e8tre du pendentif : 24 mm.<\/p>","protected":false},"excerpt":{"rendered":"<p>Ce magnifique pendentif en nacre et marcassites vous comblera par l&#8217;intensit\u00e9 de son \u00e9clat. La chaine mesure 20,5 cm, et le pendentif mesure 2,4 cm.<\/p>","protected":false},"featured_media":9848,"template":"","meta":{"_monsterinsights_skip_tracking":false,"_monsterinsights_sitenote_active":false,"_monsterinsights_sitenote_note":"","_monsterinsights_sitenote_category":0},"product_brand":[],"product_cat":[41,72],"product_tag":[123],"class_list":{"0":"post-9847","1":"product","2":"type-product","3":"status-publish","4":"has-post-thumbnail","6":"product_cat-colliers","7":"product_cat-women","8":"product_tag-fete-des-meres","9":"nt-post-class","10":"","16":"first","17":"instock","18":"taxable","19":"shipping-taxable","20":"purchasable","21":"product-type-simple"},"_links":{"self":[{"href":"https:\/\/www.lecrindargent.mu\/en\/wp-json\/wp\/v2\/product\/9847","targetHints":{"allow":["GET"]}}],"collection":[{"href":"https:\/\/www.lecrindargent.mu\/en\/wp-json\/wp\/v2\/product"}],"about":[{"href":"https:\/\/www.lecrindargent.mu\/en\/wp-json\/wp\/v2\/types\/product"}],"version-history":[{"count":0,"href":"https:\/\/www.lecrindargent.mu\/en\/wp-json\/wp\/v2\/product\/9847\/revisions"}],"wp:featuredmedia":[{"embeddable":true,"href":"https:\/\/www.lecrindargent.mu\/en\/wp-json\/wp\/v2\/media\/9848"}],"wp:attachment":[{"href":"https:\/\/www.lecrindargent.mu\/en\/wp-json\/wp\/v2\/media?parent=9847"}],"wp:term":[{"taxonomy":"product_brand","embeddable":true,"href":"https:\/\/www.lecrindargent.mu\/en\/wp-json\/wp\/v2\/product_brand?post=9847"},{"taxonomy":"product_cat","embeddable":true,"href":"https:\/\/www.lecrindargent.mu\/en\/wp-json\/wp\/v2\/product_cat?post=9847"},{"taxonomy":"product_tag","embeddable":true,"href":"https:\/\/www.lecrindargent.mu\/en\/wp-json\/wp\/v2\/product_tag?post=9847"}],"curies":[{"name":"wp","href":"https:\/\/api.w.org\/{rel}","templated":true}]}}