

{"id":9958,"date":"2025-02-16T13:30:04","date_gmt":"2025-02-16T13:30:04","guid":{"rendered":"https:\/\/www.lecrindargent.mu\/?post_type=product&#038;p=9958"},"modified":"2025-06-23T15:30:16","modified_gmt":"2025-06-23T15:30:16","slug":"oui","status":"publish","type":"product","link":"https:\/\/www.lecrindargent.mu\/en\/product\/oui\/","title":{"rendered":"OUI"},"content":{"rendered":"<p>Ce d\u00e9licat anneau argent 925 pr\u00e9sente dans une disposition en rail deux fines bandes de marcassites, entourant un rang comptant 13 am\u00e9thystes.<\/p>\n<p>Les am\u00e9thystes sont d&#8217;un doux violet qui illuminent la bague.<\/p>\n<p>Un anneau charmant, tout en douceur et d\u00e9licatesse.<\/p>\n<p>Largeur : 7 mm.<\/p>\n<p>&nbsp;<\/p>","protected":false},"excerpt":{"rendered":"<p>Ce d\u00e9licat anneau argent pr\u00e9sente dans une disposition en rail deux fines bandes de marcassites, entourant un rang comptant 13 am\u00e9thystes.<\/p>\n<p>Les am\u00e9thystes sont d&#8217;un doux violet qui illuminent la bague.<\/p>\n<p>Largeur : 7 mm.<\/p>","protected":false},"featured_media":9961,"template":"","meta":{"_monsterinsights_skip_tracking":false,"_monsterinsights_sitenote_active":false,"_monsterinsights_sitenote_note":"","_monsterinsights_sitenote_category":0},"product_brand":[],"product_cat":[50,46],"product_tag":[],"class_list":{"0":"post-9958","1":"product","2":"type-product","3":"status-publish","4":"has-post-thumbnail","6":"product_cat-bagues-argent","7":"product_cat-bagues","8":"nt-post-class","9":"","15":"first","16":"instock","17":"taxable","18":"shipping-taxable","19":"purchasable","20":"product-type-simple"},"_links":{"self":[{"href":"https:\/\/www.lecrindargent.mu\/en\/wp-json\/wp\/v2\/product\/9958","targetHints":{"allow":["GET"]}}],"collection":[{"href":"https:\/\/www.lecrindargent.mu\/en\/wp-json\/wp\/v2\/product"}],"about":[{"href":"https:\/\/www.lecrindargent.mu\/en\/wp-json\/wp\/v2\/types\/product"}],"version-history":[{"count":0,"href":"https:\/\/www.lecrindargent.mu\/en\/wp-json\/wp\/v2\/product\/9958\/revisions"}],"wp:featuredmedia":[{"embeddable":true,"href":"https:\/\/www.lecrindargent.mu\/en\/wp-json\/wp\/v2\/media\/9961"}],"wp:attachment":[{"href":"https:\/\/www.lecrindargent.mu\/en\/wp-json\/wp\/v2\/media?parent=9958"}],"wp:term":[{"taxonomy":"product_brand","embeddable":true,"href":"https:\/\/www.lecrindargent.mu\/en\/wp-json\/wp\/v2\/product_brand?post=9958"},{"taxonomy":"product_cat","embeddable":true,"href":"https:\/\/www.lecrindargent.mu\/en\/wp-json\/wp\/v2\/product_cat?post=9958"},{"taxonomy":"product_tag","embeddable":true,"href":"https:\/\/www.lecrindargent.mu\/en\/wp-json\/wp\/v2\/product_tag?post=9958"}],"curies":[{"name":"wp","href":"https:\/\/api.w.org\/{rel}","templated":true}]}}